{"id":10,"date":"2016-03-14T11:10:47","date_gmt":"2016-03-14T11:10:47","guid":{"rendered":"http:\/\/mv-niederwerrn.de\/wp\/?page_id=10"},"modified":"2023-12-08T11:16:39","modified_gmt":"2023-12-08T10:16:39","slug":"der-verein","status":"publish","type":"page","link":"https:\/\/www.mv-niederwerrn.de\/wp\/?page_id=10","title":{"rendered":"Der Verein"},"content":{"rendered":"<p>Der Musikverein Niederwerrn e.V. wurde 1981 im Rahmen des Aufbaus eines Jugendblasorchesters in Niederwerrn gegr\u00fcndet. Und z\u00e4hlt derzeit ca. 120 Mitglieder.<\/p>\n<p>Der Musikverein Niederwerrn besitzt zwei Orchester:<br \/>\nDie \u201eNiederwerrner Musikanten\u201c unter der Leitung von Thomas Will, und die \u00e2\u20ac\u017eHugo- Musikagenten\u00e2\u20ac\u0153 unter der Leitung von Bernhard Rippstein.<\/p>\n<p>Die Niederwerrner Musikanten, pr\u00e4gen das kulturelle Leben in und um Niederwerrn durch viele kleinere Auftritte bei Veranstaltungen, Feiern und kirchlichen Terminen. Daneben gibt es ein gro\u00dfes Konzerte im Jahr, &#8230;das Palmsonntagskonzert.<\/p>\n<p>Die \u201eHugo- Musikagenten\u201c sind ein Nachwuchsorchester in dem sich auch \u00c4ltere Neu- und Wiedereinsteiger wohl f\u00fchlen. Dieses Orchester kooperiert stark mit der Hugo-von-Trimbergschule in der die jungen Sch\u00fcler ausgebildet werden.<\/p>\n<p>Neue Musikerinnen und Musiker sind bei uns stets willkommen!<br \/>\nWir bieten auch Unterricht auf Leihinstrumenten des Vereins an. Hast Du Interesse, ein Instrument zu erlernen und\/oder bei uns mitzuspielen?<br \/>\nDann melde Dich bei uns unter info@mv-niederwerrn.de !<\/p>\n<p>Probe der \u201eNiederwerrner Musikanten\u201c ist Mo 19:30-21:30 Uhr.<br \/>\nProbe der \u201eHugo- Musikagenten\u201c ist Sa 9:45-11:00 Uhr.<\/p>\n<h3>Die aktuelle Vorstandschaft:<\/h3>\n<p>1. Vorsitzende: Norbert Hart<br \/>\n2. Vorsitzender: Pia Schleifenbaum<br \/>\nKassier: Andreas Wedler<br \/>\nSchriftf\u00fchrer: Nicole Weissmann<br \/>\nBeisitzer: Christine Hahn, Felix Zirkelbach<\/p>\n","protected":false},"excerpt":{"rendered":"<p>Der Musikverein Niederwerrn e.V. wurde 1981 im Rahmen des Aufbaus eines Jugendblasorchesters in Niederwerrn gegr\u00fcndet. Und z\u00e4hlt derzeit ca. 120 Mitglieder. Der Musikverein Niederwerrn besitzt zwei Orchester: Die \u201eNiederwerrner Musikanten\u201c unter der Leitung von Thomas Will, und die \u00e2\u20ac\u017eHugo- Musikagenten\u00e2\u20ac\u0153 unter der Leitung von Bernhard Rippstein. Die Niederwerrner Musikanten, pr\u00e4gen das kulturelle Leben in und [&hellip;]<\/p>\n","protected":false},"author":1,"featured_media":0,"parent":0,"menu_order":2,"comment_status":"closed","ping_status":"closed","template":"","meta":[],"_links":{"self":[{"href":"https:\/\/www.mv-niederwerrn.de\/wp\/index.php?rest_route=\/wp\/v2\/pages\/10"}],"collection":[{"href":"https:\/\/www.mv-niederwerrn.de\/wp\/index.php?rest_route=\/wp\/v2\/pages"}],"about":[{"href":"https:\/\/www.mv-niederwerrn.de\/wp\/index.php?rest_route=\/wp\/v2\/types\/page"}],"author":[{"embeddable":true,"href":"https:\/\/www.mv-niederwerrn.de\/wp\/index.php?rest_route=\/wp\/v2\/users\/1"}],"replies":[{"embeddable":true,"href":"https:\/\/www.mv-niederwerrn.de\/wp\/index.php?rest_route=%2Fwp%2Fv2%2Fcomments&post=10"}],"version-history":[{"count":17,"href":"https:\/\/www.mv-niederwerrn.de\/wp\/index.php?rest_route=\/wp\/v2\/pages\/10\/revisions"}],"predecessor-version":[{"id":728,"href":"https:\/\/www.mv-niederwerrn.de\/wp\/index.php?rest_route=\/wp\/v2\/pages\/10\/revisions\/728"}],"wp:attachment":[{"href":"https:\/\/www.mv-niederwerrn.de\/wp\/index.php?rest_route=%2Fwp%2Fv2%2Fmedia&parent=10"}],"curies":[{"name":"wp","href":"https:\/\/api.w.org\/{rel}","templated":true}]}}