{"id":117,"date":"2016-04-18T08:41:59","date_gmt":"2016-04-18T08:41:59","guid":{"rendered":"http:\/\/mv-niederwerrn.de\/wp\/?page_id=117"},"modified":"2023-12-08T11:29:17","modified_gmt":"2023-12-08T10:29:17","slug":"117-2","status":"publish","type":"page","link":"https:\/\/www.mv-niederwerrn.de\/wp\/?page_id=117","title":{"rendered":"Ausflug in die Dolomiten"},"content":{"rendered":"<p style=\"text-align: center;\"><a href=\"http:\/\/www.mv-niederwerrn.de\/wp-uploads\/2016\/04\/P9077813.jpg\"><img loading=\"lazy\" class=\"size-medium wp-image-154 aligncenter\" src=\"http:\/\/www.mv-niederwerrn.de\/wp-uploads\/2016\/04\/P9077813-300x225.jpg\" alt=\"OLYMPUS DIGITAL CAMERA\" width=\"300\" height=\"225\" srcset=\"https:\/\/www.mv-niederwerrn.de\/wp-uploads\/2016\/04\/P9077813-300x225.jpg 300w, https:\/\/www.mv-niederwerrn.de\/wp-uploads\/2016\/04\/P9077813-1024x768.jpg 1024w, https:\/\/www.mv-niederwerrn.de\/wp-uploads\/2016\/04\/P9077813-624x468.jpg 624w, https:\/\/www.mv-niederwerrn.de\/wp-uploads\/2016\/04\/P9077813.jpg 1509w\" sizes=\"(max-width: 300px) 100vw, 300px\" \/><\/a>Anfang September begab sich eine Guppe aus Niederwerrner Musikanten,<br \/>\nderen Familien und Freunde auf eine abenteuerliche Reise in die Dolomiten.<\/p>\n<p style=\"text-align: center;\" data-canvas-width=\"769.8749999999991\">Am Donnerstag den 3.9. war offizieller Startpunkt in Toblach. Von einem<br \/>\noberhalb des Ortes gelegenen Parkplatz aus mussten wir unsere erste<br \/>\nUnterkunft zu Fu\u00df erklimmen. Das Ziel war die Bonner H\u00fctte auf 2340m. Mit<br \/>\nviel Schwei\u00df und Puste haben es alle in ihrem eigenen Tempo geschafft, sich<br \/>\nund ihr Gep\u00e4ck den steilen Weg \u00fcber 750 H\u00f6henmeter empor zu wuchten. Die<br \/>\nMarschdauer variierte dabei zwischen zwei und vier Stunden. Da wir vorhatten,<br \/>\nauf der H\u00fctte ein kleines Bergkonzert zu geben, mussten die Instrumente und<br \/>\nNoten auch irgendwie den Berg rauf. Gott sei Dank war der H\u00fcttenwirt so nett,<br \/>\nuns diese mit seinem gel\u00e4ndeg\u00e4ngigen Jeep abzuholen. Wir trauten unseren<br \/>\nAugen nicht, als wir den daf\u00fcr vorgesehenen Wagen sahen. &#8220;Da passen nie im<br \/>\nLeben alle Instrumente rein!&#8221;, war die Meinung fast aller unserer Wanderer.<br \/>\nAlfred, der H\u00fcttenwirt, konnte uns allerdings eines Besseren belehren. Ohne<br \/>\nProbleme hat er alles gut in und auf dem Auto verstaut. <a href=\"http:\/\/www.mv-niederwerrn.de\/wp-uploads\/2016\/04\/IMG_4146.jpg\"><img loading=\"lazy\" class=\"size-medium wp-image-161 aligncenter\" src=\"http:\/\/www.mv-niederwerrn.de\/wp-uploads\/2016\/04\/IMG_4146-300x225.jpg\" alt=\"IMG_4146\" width=\"300\" height=\"225\" srcset=\"https:\/\/www.mv-niederwerrn.de\/wp-uploads\/2016\/04\/IMG_4146-300x225.jpg 300w, https:\/\/www.mv-niederwerrn.de\/wp-uploads\/2016\/04\/IMG_4146-1024x768.jpg 1024w, https:\/\/www.mv-niederwerrn.de\/wp-uploads\/2016\/04\/IMG_4146-624x468.jpg 624w\" sizes=\"(max-width: 300px) 100vw, 300px\" \/><\/a>Auf der Runterfahrt<br \/>\nzwei Tage sp\u00e4ter schaffte er es sogar, zus\u00e4tzlich einige gro\u00dfe Rucks\u00e4cke und 3<br \/>\nPersonen (davon zwei Kinder) unversehrt ins Tal zu bringen. Er ist nicht nur<br \/>\nein wahrer Packungs- und Stapelk\u00fcnstler sondern auch ein bezaubernder Koch.<br \/>\nAn den zwei Abenden wurden wir mit exzellenten vier-G\u00e4nge-Men\u00fcs<br \/>\nverw\u00f6hnt, welche er extra f\u00fcr uns vorbereitet hatte. F\u00fcr eine Bergh\u00fctte doch<br \/>\neher ungew\u00f6hnlich.<\/p>\n<p style=\"text-align: center;\" data-canvas-width=\"769.8749999999991\"><a href=\"http:\/\/www.mv-niederwerrn.de\/wp-uploads\/2016\/04\/P9047628.jpg\"><img loading=\"lazy\" class=\"size-medium wp-image-163 aligncenter\" src=\"http:\/\/www.mv-niederwerrn.de\/wp-uploads\/2016\/04\/P9047628-300x225.jpg\" alt=\"OLYMPUS DIGITAL CAMERA\" width=\"300\" height=\"225\" srcset=\"https:\/\/www.mv-niederwerrn.de\/wp-uploads\/2016\/04\/P9047628-300x225.jpg 300w, https:\/\/www.mv-niederwerrn.de\/wp-uploads\/2016\/04\/P9047628-1024x768.jpg 1024w, https:\/\/www.mv-niederwerrn.de\/wp-uploads\/2016\/04\/P9047628-624x468.jpg 624w, https:\/\/www.mv-niederwerrn.de\/wp-uploads\/2016\/04\/P9047628.jpg 1509w\" sizes=\"(max-width: 300px) 100vw, 300px\" \/><\/a>Der zweite Tag begann mit einem sch\u00f6nen Sonnenaufgang und einem<br \/>\nherrlichen Blick ins Tal. Unter uns die Wolken und \u00fcber uns der blaue Himmel.<br \/>\nDer gr\u00f6\u00dfte Teil der Mannschaft nutzte die (noch) sch\u00f6nen Stunden \u00fcber die<br \/>\nMittagszeit f\u00fcr eine Wanderung auf den Gipfel des Toblacher Pfannhorns. Am<br \/>\nsp\u00e4ten Nachmittag versuchten wir dann, unser Bergkonzert zum Besten zu<br \/>\ngeben. Leider ist es bei zwei Versuchen geblieben, da es jeweils sp\u00e4testens nach<br \/>\ndem dritten Lied zu regnen begann. Auf Grund des Wetters waren leider au\u00dfer<br \/>\nunseren eigenen Begleitpersonen und der Huttenfamilie keine weiteren<br \/>\nWanderer mehr vor Ort. So bekam Alfred, der H\u00fcttenwirt, quasi ein ganz<br \/>\npers\u00f6nliches, kurzes Konzert.<a href=\"http:\/\/www.mv-niederwerrn.de\/wp-uploads\/2016\/04\/P9047679.jpg\"><img loading=\"lazy\" class=\"size-medium wp-image-164 aligncenter\" src=\"http:\/\/www.mv-niederwerrn.de\/wp-uploads\/2016\/04\/P9047679-300x225.jpg\" alt=\"OLYMPUS DIGITAL CAMERA\" width=\"300\" height=\"225\" srcset=\"https:\/\/www.mv-niederwerrn.de\/wp-uploads\/2016\/04\/P9047679-300x225.jpg 300w, https:\/\/www.mv-niederwerrn.de\/wp-uploads\/2016\/04\/P9047679-1024x768.jpg 1024w, https:\/\/www.mv-niederwerrn.de\/wp-uploads\/2016\/04\/P9047679-624x468.jpg 624w, https:\/\/www.mv-niederwerrn.de\/wp-uploads\/2016\/04\/P9047679.jpg 1509w\" sizes=\"(max-width: 300px) 100vw, 300px\" \/><\/a><\/p>\n<p style=\"text-align: center;\" data-canvas-width=\"769.8749999999991\">Am dritten Tag wurden wir bei starkem Regen wach. Das hatten wir uns anders<br \/>\nvorgestellt. Eigentlich wollte ein Teil unserer Gruppe an diesem Tag zu einer<br \/>\nweiteren, gr\u00f6\u00dferen Wanderung mit \u00dcbernachtung im Biwak am Schwarzsee<br \/>\naufbrechen. Dies musste unter diesen Wetterbedingungen leider ausfallen. Bis<br \/>\nkurz oberhalb der H\u00fctte war das Pfannhorn sogar kurzzeitig mit Schneebedeckt. Also ging es nach dem Fr\u00fchst\u00fcck f\u00fcr alle wieder zur\u00fcck ins Tal. Gott<br \/>\nsei Dank hatte es bis dahin wenigstens aufgeh\u00f6rt zu regnen und alle sind<br \/>\ntrocken angekommen. Erstaunlicherweise war der Abstieg f\u00fcr einige noch<br \/>\nanstrengender als der Aufstieg. Zur\u00fcck in Toblach gingen wir den Rest des<br \/>\nTages entspannt an. Manche hatten vom Wandern noch nicht genug, andere<br \/>\nentspannten im Schwimmbad oder genossen die Ruhe im Hotel, bevor sich alle<br \/>\nzum Essen in der Skih\u00fctte Rienz trafen. Diesen Abend und die beiden darauf<br \/>\nfolgenden lie\u00dfen wir gem\u00fctlich in der Hotelbar oder beim Billard spielen im<br \/>\nHotelkeller ausklingen.<\/p>\n<p style=\"text-align: center;\" data-canvas-width=\"769.8749999999991\">An Tag vier (Sonntag) kam den Wanderm\u00fcden und Fu\u00dfkranken die<br \/>\nGedenkveranstaltung zu 100 Jahre Ausbruch des 1. Weltkrieges in den<br \/>\nDolomiten \u201eIm Krieg getrennt. Im Frieden vereint.\u201c mit Feldmesse, Konzert der<br \/>\nKaiserj\u00e4ger und Konzert der Musikkapelle Toblach sehr recht. Gerade von der<br \/>\nMusikkapelle Toblach waren unsere Musiker sehr begeistert.<br \/>\n<a href=\"http:\/\/www.mv-niederwerrn.de\/wp-uploads\/2016\/04\/WP_20150906_12_06_13_Pro.jpg\"><img loading=\"lazy\" class=\"size-medium wp-image-167 aligncenter\" src=\"http:\/\/www.mv-niederwerrn.de\/wp-uploads\/2016\/04\/WP_20150906_12_06_13_Pro-300x168.jpg\" alt=\"WP_20150906_12_06_13_Pro\" width=\"300\" height=\"168\" srcset=\"https:\/\/www.mv-niederwerrn.de\/wp-uploads\/2016\/04\/WP_20150906_12_06_13_Pro-300x168.jpg 300w, https:\/\/www.mv-niederwerrn.de\/wp-uploads\/2016\/04\/WP_20150906_12_06_13_Pro-1024x576.jpg 1024w, https:\/\/www.mv-niederwerrn.de\/wp-uploads\/2016\/04\/WP_20150906_12_06_13_Pro-624x351.jpg 624w, https:\/\/www.mv-niederwerrn.de\/wp-uploads\/2016\/04\/WP_20150906_12_06_13_Pro.jpg 1509w\" sizes=\"(max-width: 300px) 100vw, 300px\" \/><\/a>Der Teil der Gruppe, welcher lieber wandern wollte, machte sich stattdessen auf<br \/>\nden wundersch\u00f6nen, aber steilen Weg zur Putzalm. Auf der kleinen, urigen<br \/>\nH\u00fctte, die komplett ohne Strom auskommt, wurden wir mit hervorragendem<br \/>\nKaiserschmarrn verk\u00f6stigt.<\/p>\n<p style=\"text-align: center;\" data-canvas-width=\"769.8749999999991\"><a href=\"http:\/\/www.mv-niederwerrn.de\/wp-uploads\/2016\/04\/WP_20150907_12_27_12_Pro.jpg\"><img loading=\"lazy\" class=\"size-medium wp-image-168 aligncenter\" src=\"http:\/\/www.mv-niederwerrn.de\/wp-uploads\/2016\/04\/WP_20150907_12_27_12_Pro-300x168.jpg\" alt=\"WP_20150907_12_27_12_Pro\" width=\"300\" height=\"168\" srcset=\"https:\/\/www.mv-niederwerrn.de\/wp-uploads\/2016\/04\/WP_20150907_12_27_12_Pro-300x168.jpg 300w, https:\/\/www.mv-niederwerrn.de\/wp-uploads\/2016\/04\/WP_20150907_12_27_12_Pro-1024x576.jpg 1024w, https:\/\/www.mv-niederwerrn.de\/wp-uploads\/2016\/04\/WP_20150907_12_27_12_Pro-624x351.jpg 624w, https:\/\/www.mv-niederwerrn.de\/wp-uploads\/2016\/04\/WP_20150907_12_27_12_Pro.jpg 1509w\" sizes=\"(max-width: 300px) 100vw, 300px\" \/><\/a>F\u00fcr diejenigen, die nicht platt zu bekommen waren, ging es an Tag f\u00fcnf auf den<br \/>\nGipfel des D\u00fcrrenstein (2839m). Die 800 H\u00f6henmeter waren anstrengend, aber<br \/>\ndie Aussicht hat die Wanderer f\u00fcr alle Strapazen entsch\u00e4digt. Eine herrliche<br \/>\nRundumsicht. Vom \u00d6tztaler Gletscher bis zu den Drei-Zinnen war alles zu<br \/>\nsehen. Vor dem Abstieg war sogar eine kurze Schneeballschlacht m\u00f6glich, und<br \/>\ndas Anfang September.<br \/>\nDer Rest wagte eine abenteuerliche Busfahrt zur Pl\u00c3\u00a4tzwiese auf 2000m. Eine<br \/>\nHochebene (gro\u00dfe Wiese) mit einer Kulisse wie im Bilderbuch erwartete uns.<br \/>\nDort liefen wir auf einer \u201eAutobahn\u201c unter den Wanderwegen bis zum<br \/>\nvereinbarten Treffpunkt an der D\u00fcrrensteinh\u00fctte. Diesmal nur entspannte 50<br \/>\nH\u00f6henmeter. Die Abfahrt mit dem bis zum letzten Stehplatz vollbesetzten Bus<br \/>\nwar noch abenteuerlicher als die Anfahrt. In dem Tempo, den der Bus nahm,<br \/>\nw\u00c3\u00a4re wohl keiner der Insassen in einem PKW runter gefahren. Das hatte dann<br \/>\nauch zur Folge, dass der Bus am Ende einige Schrammen mehr im Lack hatte.<br \/>\nDamit es sich auch wirklich gelohnt hat die Instrumente so weit mitzunehmen<br \/>\ngaben wir an unserem letzten Abend ein kleines Platzkonzert vor der Pizzeria<br \/>\n\u201eSeeschupfe\u201c am Toblacher See. Anschlie\u00dfend lie\u00dfen wir uns dann drinnen die<br \/>\nriesigen und au\u00dfergew\u00f6hnlich belegten Pizzen schmecken, so wie am Abend<br \/>\nvorher auch schon.<\/p>\n<p style=\"text-align: center;\" data-canvas-width=\"769.8749999999991\">Am sechsten und letzten Tag machten wir uns nach einem gem\u00fctlichen<br \/>\nFr\u00fchst\u00fcck auf den Heimweg.<br \/>\nNach diesem Ausflug ist klar, dass die Niederwerrner Musikanten nicht nur<br \/>\nmusikalisch harmonieren, sondern auch als Gipfelst\u00fcrmer eine Gemeinschaft<br \/>\nbilden.<\/p>\n<p style=\"text-align: center;\" data-canvas-width=\"769.8749999999991\">\n","protected":false},"excerpt":{"rendered":"<p>Anfang September begab sich eine Guppe aus Niederwerrner Musikanten, deren Familien und Freunde auf eine abenteuerliche Reise in die Dolomiten. Am Donnerstag den 3.9. war offizieller Startpunkt in Toblach. Von einem oberhalb des Ortes gelegenen Parkplatz aus mussten wir unsere erste Unterkunft zu Fu\u00df erklimmen. Das Ziel war die Bonner H\u00fctte auf 2340m. Mit viel [&hellip;]<\/p>\n","protected":false},"author":2,"featured_media":0,"parent":14,"menu_order":0,"comment_status":"closed","ping_status":"closed","template":"","meta":[],"_links":{"self":[{"href":"https:\/\/www.mv-niederwerrn.de\/wp\/index.php?rest_route=\/wp\/v2\/pages\/117"}],"collection":[{"href":"https:\/\/www.mv-niederwerrn.de\/wp\/index.php?rest_route=\/wp\/v2\/pages"}],"about":[{"href":"https:\/\/www.mv-niederwerrn.de\/wp\/index.php?rest_route=\/wp\/v2\/types\/page"}],"author":[{"embeddable":true,"href":"https:\/\/www.mv-niederwerrn.de\/wp\/index.php?rest_route=\/wp\/v2\/users\/2"}],"replies":[{"embeddable":true,"href":"https:\/\/www.mv-niederwerrn.de\/wp\/index.php?rest_route=%2Fwp%2Fv2%2Fcomments&post=117"}],"version-history":[{"count":14,"href":"https:\/\/www.mv-niederwerrn.de\/wp\/index.php?rest_route=\/wp\/v2\/pages\/117\/revisions"}],"predecessor-version":[{"id":736,"href":"https:\/\/www.mv-niederwerrn.de\/wp\/index.php?rest_route=\/wp\/v2\/pages\/117\/revisions\/736"}],"up":[{"embeddable":true,"href":"https:\/\/www.mv-niederwerrn.de\/wp\/index.php?rest_route=\/wp\/v2\/pages\/14"}],"wp:attachment":[{"href":"https:\/\/www.mv-niederwerrn.de\/wp\/index.php?rest_route=%2Fwp%2Fv2%2Fmedia&parent=117"}],"curies":[{"name":"wp","href":"https:\/\/api.w.org\/{rel}","templated":true}]}}