{"id":12,"date":"2016-03-14T11:11:13","date_gmt":"2016-03-14T11:11:13","guid":{"rendered":"http:\/\/mv-niederwerrn.de\/wp\/?page_id=12"},"modified":"2023-12-08T11:12:24","modified_gmt":"2023-12-08T10:12:24","slug":"nachwuchs-2","status":"publish","type":"page","link":"https:\/\/www.mv-niederwerrn.de\/wp\/?page_id=12","title":{"rendered":"Nachwuchs"},"content":{"rendered":"<p>Seit dem Schuljahr 2012\/2013 bietet der Musikverein Niederwerrn in Zusammenarbeit mit der Hugo-von-Trimberg-Schule Instrumentalunterricht in der Schule an. Au\u00dferhalb der Schule gew\u00e4hrleisten Privatlehrer durch ihren kompetenten Unterricht die Musikalische Ausbildung.<br \/>\nAus der Zusammenarbeit mit der Hugo-von-Trimberg-Schule entstand unser aktuelles Nachwuchsorchester: die Hugo-Musikagenten.<\/p>\n<p>Je nach Voraussetzung bietet der Musikverein Niederwerrn folgende Leistungen an:<\/p>\n<ol>\n<li>Organisation von w\u00f6chentlichem Unterricht f\u00fcr Schlagzeug, Blech- und Holzblasinstrumente zu g\u00fcnstigen Preisen.<\/li>\n<li>Teilnahme bei den Hugo-Musikagenten<\/li>\n<li>direkter Einstieg bei den \u201eNiederwerrner Musikanten\u201c.<\/li>\n<li>Instrumentalunterricht in der (Ganztags-) Schule<\/li>\n<\/ol>\n<p>Wer sich also f\u00fcr Musik und Geselligkeit interessiert, ist bei uns herzlich willkommen!<\/p>\n","protected":false},"excerpt":{"rendered":"<p>Seit dem Schuljahr 2012\/2013 bietet der Musikverein Niederwerrn in Zusammenarbeit mit der Hugo-von-Trimberg-Schule Instrumentalunterricht in der Schule an. Au\u00dferhalb der Schule gew\u00e4hrleisten Privatlehrer durch ihren kompetenten Unterricht die Musikalische Ausbildung. Aus der Zusammenarbeit mit der Hugo-von-Trimberg-Schule entstand unser aktuelles Nachwuchsorchester: die Hugo-Musikagenten. Je nach Voraussetzung bietet der Musikverein Niederwerrn folgende Leistungen an: Organisation von w\u00f6chentlichem [&hellip;]<\/p>\n","protected":false},"author":1,"featured_media":0,"parent":0,"menu_order":1,"comment_status":"closed","ping_status":"closed","template":"","meta":[],"_links":{"self":[{"href":"https:\/\/www.mv-niederwerrn.de\/wp\/index.php?rest_route=\/wp\/v2\/pages\/12"}],"collection":[{"href":"https:\/\/www.mv-niederwerrn.de\/wp\/index.php?rest_route=\/wp\/v2\/pages"}],"about":[{"href":"https:\/\/www.mv-niederwerrn.de\/wp\/index.php?rest_route=\/wp\/v2\/types\/page"}],"author":[{"embeddable":true,"href":"https:\/\/www.mv-niederwerrn.de\/wp\/index.php?rest_route=\/wp\/v2\/users\/1"}],"replies":[{"embeddable":true,"href":"https:\/\/www.mv-niederwerrn.de\/wp\/index.php?rest_route=%2Fwp%2Fv2%2Fcomments&post=12"}],"version-history":[{"count":6,"href":"https:\/\/www.mv-niederwerrn.de\/wp\/index.php?rest_route=\/wp\/v2\/pages\/12\/revisions"}],"predecessor-version":[{"id":725,"href":"https:\/\/www.mv-niederwerrn.de\/wp\/index.php?rest_route=\/wp\/v2\/pages\/12\/revisions\/725"}],"wp:attachment":[{"href":"https:\/\/www.mv-niederwerrn.de\/wp\/index.php?rest_route=%2Fwp%2Fv2%2Fmedia&parent=12"}],"curies":[{"name":"wp","href":"https:\/\/api.w.org\/{rel}","templated":true}]}}