{"id":229,"date":"2017-01-31T13:59:22","date_gmt":"2017-01-31T11:59:22","guid":{"rendered":"http:\/\/mv-niederwerrn.de\/wp\/?page_id=229"},"modified":"2017-01-31T13:59:41","modified_gmt":"2017-01-31T11:59:41","slug":"jahreshauptversammlung-2017","status":"publish","type":"page","link":"https:\/\/www.mv-niederwerrn.de\/wp\/?page_id=229","title":{"rendered":"Jahreshauptversammlung 2017"},"content":{"rendered":"<p><a href=\"http:\/\/www.mv-niederwerrn.de\/wp-uploads\/2017\/01\/EhrungGesammt-e1485863835296.jpg\"><img loading=\"lazy\" class=\"aligncenter wp-image-224 size-medium\" src=\"http:\/\/www.mv-niederwerrn.de\/wp-uploads\/2017\/01\/EhrungGesammt-e1485863835296-300x151.jpg\" width=\"300\" height=\"151\" srcset=\"https:\/\/www.mv-niederwerrn.de\/wp-uploads\/2017\/01\/EhrungGesammt-e1485863835296-300x151.jpg 300w, https:\/\/www.mv-niederwerrn.de\/wp-uploads\/2017\/01\/EhrungGesammt-e1485863835296-768x388.jpg 768w, https:\/\/www.mv-niederwerrn.de\/wp-uploads\/2017\/01\/EhrungGesammt-e1485863835296-1024x517.jpg 1024w, https:\/\/www.mv-niederwerrn.de\/wp-uploads\/2017\/01\/EhrungGesammt-e1485863835296-624x315.jpg 624w\" sizes=\"(max-width: 300px) 100vw, 300px\" \/><\/a> Wenig \u00c3\u0153berraschungen gab es bei der Jahreshauptversammlung des Musikvereins im Pfarrheim, mit Neuwahlen und Ehrenabend: Vorsitzende bleibt Pia Schleifenbaum, Stellvertreter David Ke\u00c3\u0178, Kassier Andreas Wedler, dem hervorragende Kassenf\u00c3\u00bchrung bescheinigt wurde. Allerdings stellte sich niemand f\u00c3\u00bcr das Amt des Schriftf\u00c3\u00bchrers zur Verf\u00c3\u00bcgung, das mit dem R\u00c3\u00bcckzug von Ramona Schubert vakant bleibt. Als Beisitzer fungieren Christine Hahn, Daniel Brand und Matthias Lang, als Kassenrevisoren Felix Zirkelbach und J\u00c3\u00bcrgen Kraus.<\/p>\n<p>Die Feinheiten der neuen Vereinssatzung hatten im letzten Jahr f\u00c3\u00bcr Komplikationen gesorgt: Hier hatte das Amtsgericht die Nichteinhaltung von Formalien bei der Mitgliedereinladung beanstandtet. Mittlerweile wurde der entsprechende Passus ge\u00c3\u00a4ndert. &#8220;Der musikalische Jahresbeginn gestaltete sich da schon wesentlich angenehmer&#8221;, meinte Vorsitzende Schleifenbaum. Es erklang ein St\u00c3\u00a4ndchen zum Achtzigsten des Ehrendirigenten Rudi Schlembach, aus gleichem Anlass auch f\u00c3\u00bcr den &#8220;gro\u00c3\u0178en G\u00c3\u00b6nner&#8221; Winfried Maul oder bei einer Hochzeit in der Sponsorenfamilie B\u00c3\u00a4rmann. Gro\u00c3\u0178es Lob habe es f\u00c3\u00bcr das Palmsonntagskonzert gegeben, wo auch der Nachwuchs, die &#8220;Hugo-Musikagenten&#8221;, wieder gl\u00c3\u00a4nzte. Am Taktstock wirkte das Dirigentenduo Thomas Will und Bernhard Rippstein mit, letzterer beim Nachwuchsorchester, wo es, wie in der gesamten Ausbildung, noch an Blechbl\u00c3\u00a4sern fehlt.<\/p>\n<p>Die Teilnahme an der Maibaumaufstellung habe dann nicht der Verein abgesagt, trat Schleifenbaum &#8220;Ger\u00c3\u00bcchten&#8221; entgegen. Vielmehr sei der Veranstalter zuvor von einem allgemeinen Mangel an Mitwirkenden bei Umzug und Tanz ausgegangen. Ansonsten waren die Musikanten bei den Dorffesten wieder sehr pr\u00c3\u00a4sent, vom katholischen Pfarrfest \u00c3\u00bcbers Jubil\u00c3\u00a4um der evangelischen Dorfkirche bis hin zu Seefest, Rathaussturm, Weihnachtsm\u00c3\u00a4rkten, SPD-Kulturempfang oder Benefizkonzert in St. Bruno. Insgesamt brachten es die Niederwerrner Musikanten 2016 auf 19 Auftritte, davon sieben kirchliche. Die Mitgliederzahl des Traditionsvereins stieg um f\u00c3\u00bcnf auf nunmehr 145.<\/p>\n<p><a href=\"http:\/\/www.mv-niederwerrn.de\/wp-uploads\/2017\/01\/Klarinettenduo.jpg\"><img loading=\"lazy\" class=\"alignleft size-thumbnail wp-image-227\" src=\"http:\/\/www.mv-niederwerrn.de\/wp-uploads\/2017\/01\/Klarinettenduo-150x150.jpg\" alt=\"\" width=\"150\" height=\"150\" \/><\/a>Musiziert wurde zwischen dem Ehrungsreigen auch, von Lars Schubert, Thomas und Bruno Will ebenso wie von Ramona und Lisa Schubert und Lennox Wolf. Dirigent Thomas Will hie\u00c3\u0178 den jungen Saxophonisten Lennox Wolf, nach Bestehen des Musikerleistungsabzeichens in Bronze, noch einmal pers\u00c3\u00b6nlich im Hauptorchester willkommen.<\/p>\n<p>&nbsp;<\/p>\n<p><a href=\"http:\/\/www.mv-niederwerrn.de\/wp-uploads\/2017\/01\/EhrungNBMB.jpg\"><img loading=\"lazy\" class=\"size-thumbnail wp-image-226 alignleft\" src=\"http:\/\/www.mv-niederwerrn.de\/wp-uploads\/2017\/01\/EhrungNBMB-150x150.jpg\" alt=\"\" width=\"150\" height=\"150\" \/><\/a>Peter Geb vom Nordbayerischen Musikbund hatte dann zehn Namen auf der Ehrungsliste, vom bew\u00c3\u00a4hrten Jungmitglied bis hinauf zum Urgestein Bruno Will, der sechs Jahrzehnte aktiver Musiker ist. Fast f\u00c3\u00bcnfzig Mitglieder hatte der Verein zu ehren, aufgrund einer massiven Eintrittswelle vor zehn Jahren: ein &#8220;Wer ist Wer&#8221; des Gemeindelebens.<\/p>\n<div><\/div>\n","protected":false},"excerpt":{"rendered":"<p>Wenig \u00c3\u0153berraschungen gab es bei der Jahreshauptversammlung des Musikvereins im Pfarrheim, mit Neuwahlen und Ehrenabend: Vorsitzende bleibt Pia Schleifenbaum, Stellvertreter David Ke\u00c3\u0178, Kassier Andreas Wedler, dem hervorragende Kassenf\u00c3\u00bchrung bescheinigt wurde. Allerdings stellte sich niemand f\u00c3\u00bcr das Amt des Schriftf\u00c3\u00bchrers zur Verf\u00c3\u00bcgung, das mit dem R\u00c3\u00bcckzug von Ramona Schubert vakant bleibt. Als Beisitzer fungieren Christine Hahn, [&hellip;]<\/p>\n","protected":false},"author":2,"featured_media":0,"parent":14,"menu_order":0,"comment_status":"closed","ping_status":"closed","template":"","meta":[],"_links":{"self":[{"href":"https:\/\/www.mv-niederwerrn.de\/wp\/index.php?rest_route=\/wp\/v2\/pages\/229"}],"collection":[{"href":"https:\/\/www.mv-niederwerrn.de\/wp\/index.php?rest_route=\/wp\/v2\/pages"}],"about":[{"href":"https:\/\/www.mv-niederwerrn.de\/wp\/index.php?rest_route=\/wp\/v2\/types\/page"}],"author":[{"embeddable":true,"href":"https:\/\/www.mv-niederwerrn.de\/wp\/index.php?rest_route=\/wp\/v2\/users\/2"}],"replies":[{"embeddable":true,"href":"https:\/\/www.mv-niederwerrn.de\/wp\/index.php?rest_route=%2Fwp%2Fv2%2Fcomments&post=229"}],"version-history":[{"count":2,"href":"https:\/\/www.mv-niederwerrn.de\/wp\/index.php?rest_route=\/wp\/v2\/pages\/229\/revisions"}],"predecessor-version":[{"id":231,"href":"https:\/\/www.mv-niederwerrn.de\/wp\/index.php?rest_route=\/wp\/v2\/pages\/229\/revisions\/231"}],"up":[{"embeddable":true,"href":"https:\/\/www.mv-niederwerrn.de\/wp\/index.php?rest_route=\/wp\/v2\/pages\/14"}],"wp:attachment":[{"href":"https:\/\/www.mv-niederwerrn.de\/wp\/index.php?rest_route=%2Fwp%2Fv2%2Fmedia&parent=229"}],"curies":[{"name":"wp","href":"https:\/\/api.w.org\/{rel}","templated":true}]}}