{"id":299,"date":"2017-05-28T15:30:50","date_gmt":"2017-05-28T13:30:50","guid":{"rendered":"http:\/\/mv-niederwerrn.de\/wp\/?page_id=299"},"modified":"2017-08-19T11:51:04","modified_gmt":"2017-08-19T09:51:04","slug":"grillfeier-2017","status":"publish","type":"page","link":"https:\/\/www.mv-niederwerrn.de\/wp\/?page_id=299","title":{"rendered":"Grillfeier 2017"},"content":{"rendered":"<p>In diesem Jahr meinte es das Wetter gut mit uns. Bei strahlendem Sonnenschein genossen wir den Abend in gem\u00c3\u00bctlicher Runde. W\u00c3\u00a4hrend die \u00c3\u00a4ltere Generation sich die Steaks, W\u00c3\u00bcrstchen und das Bier schmecken lie\u00c3\u0178, fand die Jugend ausreichende Besch\u00c3\u00a4ftigung.<\/p>\n<p>&nbsp;<\/p>\n<p><a href=\"http:\/\/www.mv-niederwerrn.de\/wp-uploads\/2017\/05\/Grillfeier20170520T214133_4.jpg\"><img loading=\"lazy\" class=\"aligncenter wp-image-292 size-large\" src=\"http:\/\/www.mv-niederwerrn.de\/wp-uploads\/2017\/05\/Grillfeier20170520T214133_4-1024x768.jpg\" alt=\"\" width=\"625\" height=\"469\" srcset=\"https:\/\/www.mv-niederwerrn.de\/wp-uploads\/2017\/05\/Grillfeier20170520T214133_4.jpg 1024w, https:\/\/www.mv-niederwerrn.de\/wp-uploads\/2017\/05\/Grillfeier20170520T214133_4-300x225.jpg 300w, https:\/\/www.mv-niederwerrn.de\/wp-uploads\/2017\/05\/Grillfeier20170520T214133_4-768x576.jpg 768w, https:\/\/www.mv-niederwerrn.de\/wp-uploads\/2017\/05\/Grillfeier20170520T214133_4-624x468.jpg 624w\" sizes=\"(max-width: 625px) 100vw, 625px\" \/><\/a><\/p>\n<p><a href=\"http:\/\/www.mv-niederwerrn.de\/wp-uploads\/2017\/05\/Grillfeier20170520T214133.jpg\"><img loading=\"lazy\" class=\"aligncenter size-large wp-image-288\" src=\"http:\/\/www.mv-niederwerrn.de\/wp-uploads\/2017\/05\/Grillfeier20170520T214133-1024x768.jpg\" alt=\"\" width=\"625\" height=\"469\" srcset=\"https:\/\/www.mv-niederwerrn.de\/wp-uploads\/2017\/05\/Grillfeier20170520T214133.jpg 1024w, https:\/\/www.mv-niederwerrn.de\/wp-uploads\/2017\/05\/Grillfeier20170520T214133-300x225.jpg 300w, https:\/\/www.mv-niederwerrn.de\/wp-uploads\/2017\/05\/Grillfeier20170520T214133-768x576.jpg 768w, https:\/\/www.mv-niederwerrn.de\/wp-uploads\/2017\/05\/Grillfeier20170520T214133-624x468.jpg 624w\" sizes=\"(max-width: 625px) 100vw, 625px\" \/><\/a><a href=\"http:\/\/www.mv-niederwerrn.de\/wp-uploads\/2017\/05\/Grillfeier20170520T214133_1.jpg\"><img loading=\"lazy\" class=\"aligncenter wp-image-289 size-large\" src=\"http:\/\/www.mv-niederwerrn.de\/wp-uploads\/2017\/05\/Grillfeier20170520T214133_1-1024x768.jpg\" alt=\"\" width=\"625\" height=\"469\" srcset=\"https:\/\/www.mv-niederwerrn.de\/wp-uploads\/2017\/05\/Grillfeier20170520T214133_1.jpg 1024w, https:\/\/www.mv-niederwerrn.de\/wp-uploads\/2017\/05\/Grillfeier20170520T214133_1-300x225.jpg 300w, https:\/\/www.mv-niederwerrn.de\/wp-uploads\/2017\/05\/Grillfeier20170520T214133_1-768x576.jpg 768w, https:\/\/www.mv-niederwerrn.de\/wp-uploads\/2017\/05\/Grillfeier20170520T214133_1-624x468.jpg 624w\" sizes=\"(max-width: 625px) 100vw, 625px\" \/><\/a> <a href=\"http:\/\/www.mv-niederwerrn.de\/wp-uploads\/2017\/05\/Grillfeier20170520T214133_2.jpg\"><img loading=\"lazy\" class=\"aligncenter wp-image-290 size-large\" src=\"http:\/\/www.mv-niederwerrn.de\/wp-uploads\/2017\/05\/Grillfeier20170520T214133_2-1024x768.jpg\" alt=\"\" width=\"625\" height=\"469\" srcset=\"https:\/\/www.mv-niederwerrn.de\/wp-uploads\/2017\/05\/Grillfeier20170520T214133_2.jpg 1024w, https:\/\/www.mv-niederwerrn.de\/wp-uploads\/2017\/05\/Grillfeier20170520T214133_2-300x225.jpg 300w, https:\/\/www.mv-niederwerrn.de\/wp-uploads\/2017\/05\/Grillfeier20170520T214133_2-768x576.jpg 768w, https:\/\/www.mv-niederwerrn.de\/wp-uploads\/2017\/05\/Grillfeier20170520T214133_2-624x468.jpg 624w\" sizes=\"(max-width: 625px) 100vw, 625px\" \/><\/a><a href=\"http:\/\/www.mv-niederwerrn.de\/wp-uploads\/2017\/05\/Grillfeier20170520T214133_5.jpg\"><img loading=\"lazy\" class=\"aligncenter wp-image-293 size-large\" src=\"http:\/\/www.mv-niederwerrn.de\/wp-uploads\/2017\/05\/Grillfeier20170520T214133_5-768x1024.jpg\" alt=\"\" width=\"625\" height=\"833\" srcset=\"https:\/\/www.mv-niederwerrn.de\/wp-uploads\/2017\/05\/Grillfeier20170520T214133_5.jpg 768w, https:\/\/www.mv-niederwerrn.de\/wp-uploads\/2017\/05\/Grillfeier20170520T214133_5-225x300.jpg 225w, https:\/\/www.mv-niederwerrn.de\/wp-uploads\/2017\/05\/Grillfeier20170520T214133_5-624x832.jpg 624w\" sizes=\"(max-width: 625px) 100vw, 625px\" \/><\/a>\u00c2\u00a0<a href=\"http:\/\/www.mv-niederwerrn.de\/wp-uploads\/2017\/05\/Grillfeier20170520T214133_3.jpg\"><img loading=\"lazy\" class=\"aligncenter wp-image-291 size-large\" src=\"http:\/\/www.mv-niederwerrn.de\/wp-uploads\/2017\/05\/Grillfeier20170520T214133_3-1024x768.jpg\" alt=\"\" width=\"625\" height=\"469\" srcset=\"https:\/\/www.mv-niederwerrn.de\/wp-uploads\/2017\/05\/Grillfeier20170520T214133_3.jpg 1024w, https:\/\/www.mv-niederwerrn.de\/wp-uploads\/2017\/05\/Grillfeier20170520T214133_3-300x225.jpg 300w, https:\/\/www.mv-niederwerrn.de\/wp-uploads\/2017\/05\/Grillfeier20170520T214133_3-768x576.jpg 768w, https:\/\/www.mv-niederwerrn.de\/wp-uploads\/2017\/05\/Grillfeier20170520T214133_3-624x468.jpg 624w\" sizes=\"(max-width: 625px) 100vw, 625px\" \/><\/a><\/p>\n","protected":false},"excerpt":{"rendered":"<p>In diesem Jahr meinte es das Wetter gut mit uns. Bei strahlendem Sonnenschein genossen wir den Abend in gem\u00c3\u00bctlicher Runde. W\u00c3\u00a4hrend die \u00c3\u00a4ltere Generation sich die Steaks, W\u00c3\u00bcrstchen und das Bier schmecken lie\u00c3\u0178, fand die Jugend ausreichende Besch\u00c3\u00a4ftigung. &nbsp; \u00c2\u00a0<\/p>\n","protected":false},"author":2,"featured_media":0,"parent":14,"menu_order":0,"comment_status":"closed","ping_status":"closed","template":"","meta":[],"_links":{"self":[{"href":"https:\/\/www.mv-niederwerrn.de\/wp\/index.php?rest_route=\/wp\/v2\/pages\/299"}],"collection":[{"href":"https:\/\/www.mv-niederwerrn.de\/wp\/index.php?rest_route=\/wp\/v2\/pages"}],"about":[{"href":"https:\/\/www.mv-niederwerrn.de\/wp\/index.php?rest_route=\/wp\/v2\/types\/page"}],"author":[{"embeddable":true,"href":"https:\/\/www.mv-niederwerrn.de\/wp\/index.php?rest_route=\/wp\/v2\/users\/2"}],"replies":[{"embeddable":true,"href":"https:\/\/www.mv-niederwerrn.de\/wp\/index.php?rest_route=%2Fwp%2Fv2%2Fcomments&post=299"}],"version-history":[{"count":1,"href":"https:\/\/www.mv-niederwerrn.de\/wp\/index.php?rest_route=\/wp\/v2\/pages\/299\/revisions"}],"predecessor-version":[{"id":300,"href":"https:\/\/www.mv-niederwerrn.de\/wp\/index.php?rest_route=\/wp\/v2\/pages\/299\/revisions\/300"}],"up":[{"embeddable":true,"href":"https:\/\/www.mv-niederwerrn.de\/wp\/index.php?rest_route=\/wp\/v2\/pages\/14"}],"wp:attachment":[{"href":"https:\/\/www.mv-niederwerrn.de\/wp\/index.php?rest_route=%2Fwp%2Fv2%2Fmedia&parent=299"}],"curies":[{"name":"wp","href":"https:\/\/api.w.org\/{rel}","templated":true}]}}