{"id":358,"date":"2017-08-19T11:49:12","date_gmt":"2017-08-19T09:49:12","guid":{"rendered":"http:\/\/mv-niederwerrn.de\/wp\/?page_id=358"},"modified":"2023-12-08T11:22:43","modified_gmt":"2023-12-08T10:22:43","slug":"ferienspas-2017","status":"publish","type":"page","link":"https:\/\/www.mv-niederwerrn.de\/wp\/?page_id=358","title":{"rendered":"Ferienspa\u00df 2017"},"content":{"rendered":"<p><strong>Wir bauen und machen Musik!<\/strong><\/p>\n<div id=\"attachment_347\" style=\"width: 310px\" class=\"wp-caption alignleft\"><a href=\"http:\/\/www.mv-niederwerrn.de\/wp-uploads\/2017\/08\/P8181097.jpg\"><img aria-describedby=\"caption-attachment-347\" loading=\"lazy\" class=\"wp-image-347 size-medium\" src=\"http:\/\/www.mv-niederwerrn.de\/wp-uploads\/2017\/08\/P8181097-300x225.jpg\" alt=\"\" width=\"300\" height=\"225\" srcset=\"https:\/\/www.mv-niederwerrn.de\/wp-uploads\/2017\/08\/P8181097-300x225.jpg 300w, https:\/\/www.mv-niederwerrn.de\/wp-uploads\/2017\/08\/P8181097-768x576.jpg 768w, https:\/\/www.mv-niederwerrn.de\/wp-uploads\/2017\/08\/P8181097-1024x768.jpg 1024w, https:\/\/www.mv-niederwerrn.de\/wp-uploads\/2017\/08\/P8181097-624x468.jpg 624w\" sizes=\"(max-width: 300px) 100vw, 300px\" \/><\/a><p id=\"caption-attachment-347\" class=\"wp-caption-text\">OLYMPUS DIGITAL CAMERA<\/p><\/div>\n<p>Zw\u00f6f Kinder im Alter von 7 bis 11 Jahren trafen sich im Rahmen des Ferienspa\u00dfprogramms in unserem Proberaum und hatten viel Spa\u00df beim Bau eigener Instrumente.<\/p>\n<div id=\"attachment_352\" style=\"width: 310px\" class=\"wp-caption alignleft\"><a href=\"http:\/\/www.mv-niederwerrn.de\/wp-uploads\/2017\/08\/P8181137.jpg\"><img aria-describedby=\"caption-attachment-352\" loading=\"lazy\" class=\"wp-image-352 size-medium\" src=\"http:\/\/www.mv-niederwerrn.de\/wp-uploads\/2017\/08\/P8181137-300x225.jpg\" alt=\"\" width=\"300\" height=\"225\" srcset=\"https:\/\/www.mv-niederwerrn.de\/wp-uploads\/2017\/08\/P8181137-300x225.jpg 300w, https:\/\/www.mv-niederwerrn.de\/wp-uploads\/2017\/08\/P8181137-768x576.jpg 768w, https:\/\/www.mv-niederwerrn.de\/wp-uploads\/2017\/08\/P8181137-1024x768.jpg 1024w, https:\/\/www.mv-niederwerrn.de\/wp-uploads\/2017\/08\/P8181137-624x468.jpg 624w\" sizes=\"(max-width: 300px) 100vw, 300px\" \/><\/a><p id=\"caption-attachment-352\" class=\"wp-caption-text\">OLYMPUS DIGITAL CAMERA<\/p><\/div>\n<p>Sie bauten Schlauchtompeten, Shaker, Schellenkr\u00e4nze und Regenmacher. Wer Lust hatte, testete nebenbei sein Talent an den Instrumenten, die in unserem Orchester vertreten sind. Zum Abschluss studierten die Kinder noch den Rhytmus des &#8220;Cup-Songs&#8221; ein, ein &#8220;wildes Bechergeklopfe&#8221;.<\/p>\n<div id=\"attachment_351\" style=\"width: 310px\" class=\"wp-caption alignleft\"><a href=\"http:\/\/www.mv-niederwerrn.de\/wp-uploads\/2017\/08\/P8181136.jpg\"><img aria-describedby=\"caption-attachment-351\" loading=\"lazy\" class=\"wp-image-351 size-medium\" src=\"http:\/\/www.mv-niederwerrn.de\/wp-uploads\/2017\/08\/P8181136-300x225.jpg\" alt=\"\" width=\"300\" height=\"225\" srcset=\"https:\/\/www.mv-niederwerrn.de\/wp-uploads\/2017\/08\/P8181136-300x225.jpg 300w, https:\/\/www.mv-niederwerrn.de\/wp-uploads\/2017\/08\/P8181136-768x576.jpg 768w, https:\/\/www.mv-niederwerrn.de\/wp-uploads\/2017\/08\/P8181136-1024x768.jpg 1024w, https:\/\/www.mv-niederwerrn.de\/wp-uploads\/2017\/08\/P8181136-624x468.jpg 624w\" sizes=\"(max-width: 300px) 100vw, 300px\" \/><\/a><p id=\"caption-attachment-351\" class=\"wp-caption-text\">OLYMPUS DIGITAL CAMERA<\/p><\/div>\n<p>Stolz und mit strahlenden Gesichtern f\u00fchrten alle Kinder ihren Eltern die selbstgebauten Instrumente vor.<\/p>\n<p><a href=\"http:\/\/www.mv-niederwerrn.de\/wp-uploads\/2017\/08\/P8181093-e1503135485698.jpg\"><img loading=\"lazy\" class=\"wp-image-346 size-medium\" src=\"http:\/\/www.mv-niederwerrn.de\/wp-uploads\/2017\/08\/P8181093-e1503135485698-300x260.jpg\" alt=\"\" width=\"300\" height=\"260\" srcset=\"https:\/\/www.mv-niederwerrn.de\/wp-uploads\/2017\/08\/P8181093-e1503135485698-300x260.jpg 300w, https:\/\/www.mv-niederwerrn.de\/wp-uploads\/2017\/08\/P8181093-e1503135485698-768x665.jpg 768w, https:\/\/www.mv-niederwerrn.de\/wp-uploads\/2017\/08\/P8181093-e1503135485698-1024x887.jpg 1024w, https:\/\/www.mv-niederwerrn.de\/wp-uploads\/2017\/08\/P8181093-e1503135485698-624x541.jpg 624w, https:\/\/www.mv-niederwerrn.de\/wp-uploads\/2017\/08\/P8181093-e1503135485698.jpg 2042w\" sizes=\"(max-width: 300px) 100vw, 300px\" \/><\/a><\/p>\n","protected":false},"excerpt":{"rendered":"<p>Wir bauen und machen Musik! Zw\u00f6f Kinder im Alter von 7 bis 11 Jahren trafen sich im Rahmen des Ferienspa\u00dfprogramms in unserem Proberaum und hatten viel Spa\u00df beim Bau eigener Instrumente. Sie bauten Schlauchtompeten, Shaker, Schellenkr\u00e4nze und Regenmacher. Wer Lust hatte, testete nebenbei sein Talent an den Instrumenten, die in unserem Orchester vertreten sind. Zum [&hellip;]<\/p>\n","protected":false},"author":2,"featured_media":0,"parent":14,"menu_order":0,"comment_status":"closed","ping_status":"closed","template":"","meta":[],"_links":{"self":[{"href":"https:\/\/www.mv-niederwerrn.de\/wp\/index.php?rest_route=\/wp\/v2\/pages\/358"}],"collection":[{"href":"https:\/\/www.mv-niederwerrn.de\/wp\/index.php?rest_route=\/wp\/v2\/pages"}],"about":[{"href":"https:\/\/www.mv-niederwerrn.de\/wp\/index.php?rest_route=\/wp\/v2\/types\/page"}],"author":[{"embeddable":true,"href":"https:\/\/www.mv-niederwerrn.de\/wp\/index.php?rest_route=\/wp\/v2\/users\/2"}],"replies":[{"embeddable":true,"href":"https:\/\/www.mv-niederwerrn.de\/wp\/index.php?rest_route=%2Fwp%2Fv2%2Fcomments&post=358"}],"version-history":[{"count":3,"href":"https:\/\/www.mv-niederwerrn.de\/wp\/index.php?rest_route=\/wp\/v2\/pages\/358\/revisions"}],"predecessor-version":[{"id":733,"href":"https:\/\/www.mv-niederwerrn.de\/wp\/index.php?rest_route=\/wp\/v2\/pages\/358\/revisions\/733"}],"up":[{"embeddable":true,"href":"https:\/\/www.mv-niederwerrn.de\/wp\/index.php?rest_route=\/wp\/v2\/pages\/14"}],"wp:attachment":[{"href":"https:\/\/www.mv-niederwerrn.de\/wp\/index.php?rest_route=%2Fwp%2Fv2%2Fmedia&parent=358"}],"curies":[{"name":"wp","href":"https:\/\/api.w.org\/{rel}","templated":true}]}}