{"id":368,"date":"2017-10-17T21:42:48","date_gmt":"2017-10-17T19:42:48","guid":{"rendered":"http:\/\/mv-niederwerrn.de\/wp\/?page_id=368"},"modified":"2017-10-17T21:44:47","modified_gmt":"2017-10-17T19:44:47","slug":"kletterwald-am-see","status":"publish","type":"page","link":"https:\/\/www.mv-niederwerrn.de\/wp\/?page_id=368","title":{"rendered":"Kletterwald am See 2017"},"content":{"rendered":"<p>An einem sch\u00c3\u00b6nen, sonnigen Herbstag trauten sich einige mutige Musiker hoch hinaus. Gesichert mit Gurt und Helm stellten wir uns den Herausforderungen des Kletterwald am Baggersee. Egal ob Dirigent, Saxophonistin im Jugendorchester oder Fl\u00c3\u00b6tistin im ersten Ausbildungsjahr; jedem war der Spa\u00c3\u0178 anzumerken.<\/p>\n<p><img loading=\"lazy\" class=\"aligncenter size-medium wp-image-369\" src=\"http:\/\/www.mv-niederwerrn.de\/wp-uploads\/2017\/10\/Musik-Kletterwald-2017-10-03T153116-300x225.jpg\" alt=\"\" width=\"300\" height=\"225\" srcset=\"https:\/\/www.mv-niederwerrn.de\/wp-uploads\/2017\/10\/Musik-Kletterwald-2017-10-03T153116-300x225.jpg 300w, https:\/\/www.mv-niederwerrn.de\/wp-uploads\/2017\/10\/Musik-Kletterwald-2017-10-03T153116-768x576.jpg 768w, https:\/\/www.mv-niederwerrn.de\/wp-uploads\/2017\/10\/Musik-Kletterwald-2017-10-03T153116-624x468.jpg 624w, https:\/\/www.mv-niederwerrn.de\/wp-uploads\/2017\/10\/Musik-Kletterwald-2017-10-03T153116.jpg 800w\" sizes=\"(max-width: 300px) 100vw, 300px\" \/> <img loading=\"lazy\" class=\"aligncenter size-medium wp-image-371\" src=\"http:\/\/www.mv-niederwerrn.de\/wp-uploads\/2017\/10\/Musik-Kletterwald-2017-10-03T163312-300x225.jpg\" alt=\"\" width=\"300\" height=\"225\" srcset=\"https:\/\/www.mv-niederwerrn.de\/wp-uploads\/2017\/10\/Musik-Kletterwald-2017-10-03T163312-300x225.jpg 300w, https:\/\/www.mv-niederwerrn.de\/wp-uploads\/2017\/10\/Musik-Kletterwald-2017-10-03T163312-768x576.jpg 768w, https:\/\/www.mv-niederwerrn.de\/wp-uploads\/2017\/10\/Musik-Kletterwald-2017-10-03T163312-624x468.jpg 624w, https:\/\/www.mv-niederwerrn.de\/wp-uploads\/2017\/10\/Musik-Kletterwald-2017-10-03T163312.jpg 800w\" sizes=\"(max-width: 300px) 100vw, 300px\" \/><img loading=\"lazy\" class=\"aligncenter size-medium wp-image-377\" src=\"http:\/\/www.mv-niederwerrn.de\/wp-uploads\/2017\/10\/Musik-Kletterwald-2017-10-03T171909-300x225.jpg\" alt=\"\" width=\"300\" height=\"225\" srcset=\"https:\/\/www.mv-niederwerrn.de\/wp-uploads\/2017\/10\/Musik-Kletterwald-2017-10-03T171909-300x225.jpg 300w, https:\/\/www.mv-niederwerrn.de\/wp-uploads\/2017\/10\/Musik-Kletterwald-2017-10-03T171909-768x576.jpg 768w, https:\/\/www.mv-niederwerrn.de\/wp-uploads\/2017\/10\/Musik-Kletterwald-2017-10-03T171909-624x468.jpg 624w, https:\/\/www.mv-niederwerrn.de\/wp-uploads\/2017\/10\/Musik-Kletterwald-2017-10-03T171909.jpg 800w\" sizes=\"(max-width: 300px) 100vw, 300px\" \/> <img loading=\"lazy\" class=\"aligncenter wp-image-372 size-medium\" src=\"http:\/\/www.mv-niederwerrn.de\/wp-uploads\/2017\/10\/Musik-Kletterwald-2017-10-03T164706-e1508269243556-225x300.jpg\" alt=\"\" width=\"225\" height=\"300\" srcset=\"https:\/\/www.mv-niederwerrn.de\/wp-uploads\/2017\/10\/Musik-Kletterwald-2017-10-03T164706-e1508269243556-225x300.jpg 225w, https:\/\/www.mv-niederwerrn.de\/wp-uploads\/2017\/10\/Musik-Kletterwald-2017-10-03T164706-e1508269243556.jpg 600w\" sizes=\"(max-width: 225px) 100vw, 225px\" \/><img loading=\"lazy\" class=\"aligncenter wp-image-374 size-medium\" src=\"http:\/\/www.mv-niederwerrn.de\/wp-uploads\/2017\/10\/Musik-Kletterwald-2017-10-03T165443-e1508269265820-225x300.jpg\" alt=\"\" width=\"225\" height=\"300\" srcset=\"https:\/\/www.mv-niederwerrn.de\/wp-uploads\/2017\/10\/Musik-Kletterwald-2017-10-03T165443-e1508269265820-225x300.jpg 225w, https:\/\/www.mv-niederwerrn.de\/wp-uploads\/2017\/10\/Musik-Kletterwald-2017-10-03T165443-e1508269265820.jpg 600w\" sizes=\"(max-width: 225px) 100vw, 225px\" \/> <img loading=\"lazy\" class=\"aligncenter wp-image-373 size-medium\" src=\"http:\/\/www.mv-niederwerrn.de\/wp-uploads\/2017\/10\/Musik-Kletterwald-2017-10-03T164849-e1508269255881-225x300.jpg\" alt=\"\" width=\"225\" height=\"300\" srcset=\"https:\/\/www.mv-niederwerrn.de\/wp-uploads\/2017\/10\/Musik-Kletterwald-2017-10-03T164849-e1508269255881-225x300.jpg 225w, https:\/\/www.mv-niederwerrn.de\/wp-uploads\/2017\/10\/Musik-Kletterwald-2017-10-03T164849-e1508269255881.jpg 600w\" sizes=\"(max-width: 225px) 100vw, 225px\" \/>\u00c2\u00a0 <img loading=\"lazy\" class=\"aligncenter size-medium wp-image-375\" src=\"http:\/\/www.mv-niederwerrn.de\/wp-uploads\/2017\/10\/Musik-Kletterwald-2017-10-03T171738-300x225.jpg\" alt=\"\" width=\"300\" height=\"225\" srcset=\"https:\/\/www.mv-niederwerrn.de\/wp-uploads\/2017\/10\/Musik-Kletterwald-2017-10-03T171738-300x225.jpg 300w, https:\/\/www.mv-niederwerrn.de\/wp-uploads\/2017\/10\/Musik-Kletterwald-2017-10-03T171738-768x576.jpg 768w, https:\/\/www.mv-niederwerrn.de\/wp-uploads\/2017\/10\/Musik-Kletterwald-2017-10-03T171738-624x468.jpg 624w, https:\/\/www.mv-niederwerrn.de\/wp-uploads\/2017\/10\/Musik-Kletterwald-2017-10-03T171738.jpg 800w\" sizes=\"(max-width: 300px) 100vw, 300px\" \/>\u00c2\u00a0\u00c2\u00a0 <img loading=\"lazy\" class=\"aligncenter wp-image-378 size-medium\" src=\"http:\/\/www.mv-niederwerrn.de\/wp-uploads\/2017\/10\/Musik-Kletterwald-2017-10-03T175506-e1508269280940-225x300.jpg\" alt=\"\" width=\"225\" height=\"300\" srcset=\"https:\/\/www.mv-niederwerrn.de\/wp-uploads\/2017\/10\/Musik-Kletterwald-2017-10-03T175506-e1508269280940-225x300.jpg 225w, https:\/\/www.mv-niederwerrn.de\/wp-uploads\/2017\/10\/Musik-Kletterwald-2017-10-03T175506-e1508269280940.jpg 600w\" sizes=\"(max-width: 225px) 100vw, 225px\" \/><img loading=\"lazy\" class=\"aligncenter wp-image-370 size-medium\" src=\"http:\/\/www.mv-niederwerrn.de\/wp-uploads\/2017\/10\/Musik-Kletterwald-2017-10-03T160759-e1508269230379-225x300.jpg\" alt=\"\" width=\"225\" height=\"300\" srcset=\"https:\/\/www.mv-niederwerrn.de\/wp-uploads\/2017\/10\/Musik-Kletterwald-2017-10-03T160759-e1508269230379-225x300.jpg 225w, https:\/\/www.mv-niederwerrn.de\/wp-uploads\/2017\/10\/Musik-Kletterwald-2017-10-03T160759-e1508269230379.jpg 600w\" sizes=\"(max-width: 225px) 100vw, 225px\" \/><img loading=\"lazy\" class=\"aligncenter size-medium wp-image-376\" src=\"http:\/\/www.mv-niederwerrn.de\/wp-uploads\/2017\/10\/Musik-Kletterwald-2017-10-03T171809-300x225.jpg\" alt=\"\" width=\"300\" height=\"225\" srcset=\"https:\/\/www.mv-niederwerrn.de\/wp-uploads\/2017\/10\/Musik-Kletterwald-2017-10-03T171809-300x225.jpg 300w, https:\/\/www.mv-niederwerrn.de\/wp-uploads\/2017\/10\/Musik-Kletterwald-2017-10-03T171809-768x576.jpg 768w, https:\/\/www.mv-niederwerrn.de\/wp-uploads\/2017\/10\/Musik-Kletterwald-2017-10-03T171809-624x468.jpg 624w, https:\/\/www.mv-niederwerrn.de\/wp-uploads\/2017\/10\/Musik-Kletterwald-2017-10-03T171809.jpg 800w\" sizes=\"(max-width: 300px) 100vw, 300px\" \/><\/p>\n","protected":false},"excerpt":{"rendered":"<p>An einem sch\u00c3\u00b6nen, sonnigen Herbstag trauten sich einige mutige Musiker hoch hinaus. Gesichert mit Gurt und Helm stellten wir uns den Herausforderungen des Kletterwald am Baggersee. Egal ob Dirigent, Saxophonistin im Jugendorchester oder Fl\u00c3\u00b6tistin im ersten Ausbildungsjahr; jedem war der Spa\u00c3\u0178 anzumerken. \u00c2\u00a0 \u00c2\u00a0\u00c2\u00a0<\/p>\n","protected":false},"author":2,"featured_media":0,"parent":14,"menu_order":0,"comment_status":"closed","ping_status":"closed","template":"","meta":[],"_links":{"self":[{"href":"https:\/\/www.mv-niederwerrn.de\/wp\/index.php?rest_route=\/wp\/v2\/pages\/368"}],"collection":[{"href":"https:\/\/www.mv-niederwerrn.de\/wp\/index.php?rest_route=\/wp\/v2\/pages"}],"about":[{"href":"https:\/\/www.mv-niederwerrn.de\/wp\/index.php?rest_route=\/wp\/v2\/types\/page"}],"author":[{"embeddable":true,"href":"https:\/\/www.mv-niederwerrn.de\/wp\/index.php?rest_route=\/wp\/v2\/users\/2"}],"replies":[{"embeddable":true,"href":"https:\/\/www.mv-niederwerrn.de\/wp\/index.php?rest_route=%2Fwp%2Fv2%2Fcomments&post=368"}],"version-history":[{"count":2,"href":"https:\/\/www.mv-niederwerrn.de\/wp\/index.php?rest_route=\/wp\/v2\/pages\/368\/revisions"}],"predecessor-version":[{"id":381,"href":"https:\/\/www.mv-niederwerrn.de\/wp\/index.php?rest_route=\/wp\/v2\/pages\/368\/revisions\/381"}],"up":[{"embeddable":true,"href":"https:\/\/www.mv-niederwerrn.de\/wp\/index.php?rest_route=\/wp\/v2\/pages\/14"}],"wp:attachment":[{"href":"https:\/\/www.mv-niederwerrn.de\/wp\/index.php?rest_route=%2Fwp%2Fv2%2Fmedia&parent=368"}],"curies":[{"name":"wp","href":"https:\/\/api.w.org\/{rel}","templated":true}]}}