{"id":412,"date":"2018-01-29T00:25:24","date_gmt":"2018-01-28T22:25:24","guid":{"rendered":"http:\/\/mv-niederwerrn.de\/wp\/?page_id=412"},"modified":"2018-01-29T00:25:24","modified_gmt":"2018-01-28T22:25:24","slug":"jahreshauptversammlung-2018","status":"publish","type":"page","link":"https:\/\/www.mv-niederwerrn.de\/wp\/?page_id=412","title":{"rendered":"Jahreshauptversammlung 2018"},"content":{"rendered":"<p>Am Samstag den 20. Januar wurden in der Jahreshauptversammlung einige Vorstandsposten neu besetzt. Carolyn Englert ist nun zweite Vorsitzende. Sie \u00c3\u00bcbernimmt den Posten von David Kess, der aus gesundheitlichen Gr\u00c3\u00bcnden im vergangenen Jahr zur\u00c3\u00bccktreten musste. Das Amt des Schriftf\u00c3\u00bchrers konnte gl\u00c3\u00bccklicherweise nach einem Jahr Vakanz wieder besetzt werden. Der bisherige Beisitzer und kommissarische Schriftf\u00c3\u00bchrer Matthias Lang erkl\u00c3\u00a4rte sich dazu bereit und wurde einstimmig gew\u00c3\u00a4hlt. Seinen Platz als Beisitzer nimmt nun Ursula Hart ein.<\/p>\n<div id=\"attachment_403\" style=\"width: 635px\" class=\"wp-caption aligncenter\"><img aria-describedby=\"caption-attachment-403\" loading=\"lazy\" class=\"wp-image-403 size-large\" src=\"http:\/\/www.mv-niederwerrn.de\/wp-uploads\/2018\/01\/P1202857_v1-1024x768.jpg\" alt=\"\" width=\"625\" height=\"469\" srcset=\"https:\/\/www.mv-niederwerrn.de\/wp-uploads\/2018\/01\/P1202857_v1-1024x768.jpg 1024w, https:\/\/www.mv-niederwerrn.de\/wp-uploads\/2018\/01\/P1202857_v1-300x225.jpg 300w, https:\/\/www.mv-niederwerrn.de\/wp-uploads\/2018\/01\/P1202857_v1-768x576.jpg 768w, https:\/\/www.mv-niederwerrn.de\/wp-uploads\/2018\/01\/P1202857_v1-624x468.jpg 624w\" sizes=\"(max-width: 625px) 100vw, 625px\" \/><p id=\"caption-attachment-403\" class=\"wp-caption-text\">Daniel Brand, Ursula Hart, Matthias Lang, Pia Schleifenbaum, Carolyn Englert, Andreas Wedler, Christine Hahn, Thomas Will<\/p><\/div>\n<p style=\"text-align: left;\">Neben den vielen musikalischen Terminen der Niederwerrner Musikanten und der Hugo-Musikagenten gab es auch von gesellschaftlichen Terminen zu berichten. Grillfeier, Instrumentenvorstellung in der Grundschule, Ferienspa\u00c3\u0178 und Besuch des Kletterwaldes w\u00c3\u00a4ren hier aufzuz\u00c3\u00a4hlen. Diese sollen auch in diesem Jahr wieder stattfinden.<\/p>\n","protected":false},"excerpt":{"rendered":"<p>Am Samstag den 20. Januar wurden in der Jahreshauptversammlung einige Vorstandsposten neu besetzt. Carolyn Englert ist nun zweite Vorsitzende. Sie \u00c3\u00bcbernimmt den Posten von David Kess, der aus gesundheitlichen Gr\u00c3\u00bcnden im vergangenen Jahr zur\u00c3\u00bccktreten musste. Das Amt des Schriftf\u00c3\u00bchrers konnte gl\u00c3\u00bccklicherweise nach einem Jahr Vakanz wieder besetzt werden. Der bisherige Beisitzer und kommissarische Schriftf\u00c3\u00bchrer Matthias [&hellip;]<\/p>\n","protected":false},"author":2,"featured_media":0,"parent":14,"menu_order":0,"comment_status":"closed","ping_status":"closed","template":"","meta":[],"_links":{"self":[{"href":"https:\/\/www.mv-niederwerrn.de\/wp\/index.php?rest_route=\/wp\/v2\/pages\/412"}],"collection":[{"href":"https:\/\/www.mv-niederwerrn.de\/wp\/index.php?rest_route=\/wp\/v2\/pages"}],"about":[{"href":"https:\/\/www.mv-niederwerrn.de\/wp\/index.php?rest_route=\/wp\/v2\/types\/page"}],"author":[{"embeddable":true,"href":"https:\/\/www.mv-niederwerrn.de\/wp\/index.php?rest_route=\/wp\/v2\/users\/2"}],"replies":[{"embeddable":true,"href":"https:\/\/www.mv-niederwerrn.de\/wp\/index.php?rest_route=%2Fwp%2Fv2%2Fcomments&post=412"}],"version-history":[{"count":1,"href":"https:\/\/www.mv-niederwerrn.de\/wp\/index.php?rest_route=\/wp\/v2\/pages\/412\/revisions"}],"predecessor-version":[{"id":413,"href":"https:\/\/www.mv-niederwerrn.de\/wp\/index.php?rest_route=\/wp\/v2\/pages\/412\/revisions\/413"}],"up":[{"embeddable":true,"href":"https:\/\/www.mv-niederwerrn.de\/wp\/index.php?rest_route=\/wp\/v2\/pages\/14"}],"wp:attachment":[{"href":"https:\/\/www.mv-niederwerrn.de\/wp\/index.php?rest_route=%2Fwp%2Fv2%2Fmedia&parent=412"}],"curies":[{"name":"wp","href":"https:\/\/api.w.org\/{rel}","templated":true}]}}