{"id":522,"date":"2020-05-03T21:20:47","date_gmt":"2020-05-03T19:20:47","guid":{"rendered":"https:\/\/www.mv-niederwerrn.de\/wp\/?page_id=522"},"modified":"2020-05-03T21:20:47","modified_gmt":"2020-05-03T19:20:47","slug":"jahreshauptversammlung-2020","status":"publish","type":"page","link":"https:\/\/www.mv-niederwerrn.de\/wp\/?page_id=522","title":{"rendered":"Jahreshauptversammlung 2020"},"content":{"rendered":"<div class=\"cke_wysiwyg_div cke_reset cke_editable cke_editable_themed cke_contents_ltr cke_show_borders\" tabindex=\"0\" title=\"WYSIWYG-Editor, Artikel_bodytext\" contenteditable=\"false\" spellcheck=\"false\">\n<p>&#8220;Erfreulicherweise ist die Anzahl der Musiker aktuell stabil&#8221; berichtete die 1. Vorsitzende Pia Schleifenbaum, an der Jahreshauptversammlung des Musikvereins Niederwerrn. Auch dank der guten Beziehungen und Treue zu den Zeuzlebener Musikanten, die wie im Vorjahr dazu beigetragen haben, dass man das Palmsonntagskonzert und die Teilnahme am Benefizkonzert mit einer gr\u00c3\u00b6\u00c3\u0178eren Mannschaft bestreiten konnte. Trotzdem mahnte Schleifenbaum an, dass man in der Summe trotzdem mehr Musiker gebrauchen k\u00c3\u00b6nne.<\/p>\n<p>Interessierte k\u00c3\u00b6nnen sich jederzeit bei der 1. Vorsitzenden melden oder einfach jeden Montag ab 19:00 Uhr im Proberaum, Bauhof Niederwerrn, vorbeikommen.<\/p>\n<p>Unter der Leitung von Thomas Will wurden die &#8220;Niederwerrner Musikanten&#8221; insgesamt 18 Mal gefordert, davon sechs zu kirchlichen Anl\u00c3\u00a4ssen.<\/p>\n<p>Die &#8220;Hugo-Musikagenten&#8221; unter der Leitung von Bernhard Rippstein, bestehen derzeit aus 19 Nachwuchsmusikern, welche im letzten Jahr insgesamt drei Auftritte bestreiten durften.<\/p>\n<p>Die Nachwuchswerbung kam auch im letzten Jahr nicht zu kurz: So unterrichten Harald Pelz und Bernhard Rippstein neun Grundsch\u00c3\u00bcler an der Hugo-von-Trimberg Schule.<\/p>\n<p>Michael Pipial unterrichtet derzeit drei Kinder und Jugendliche am Schlagzeug aus.<\/p>\n<p>Auch am Ferienspa\u00c3\u0178 werden die Kinder spielerisch in die Welt der Instrumente herangef\u00c3\u00bchrt. So wurden bspw. Boomwhacker gebastelt. Zur Erkl\u00c3\u00a4rung: Boomwhacker sind Kunststoffr\u00c3\u00b6hren, welche beim Draufschlagen definierte T\u00c3\u00b6ne von sich geben. Am Ende des Tages konnte den Eltern eine kurze Phrase aus dem Lied &#8220;Pink Panther&#8221; vorgespielt werden.<\/p>\n<p>2020 soll es wie auch in den letzen Jahren, im Mai, einen Grillabend geben. Au\u00c3\u0178erdem ist ein Ausflug in den Kletterwald oder zum Bowlingcenter geplant. Dar\u00c3\u00bcber hinaus ist das Palmsonntagskonzert nat\u00c3\u00bcrlich als musikalisches Highlight fest eingeplant.<\/p>\n<p>Unter dem Tagesordnungspunkt &#8220;Neuwahlen&#8221; musste ein neuer Schriftf\u00c3\u00bchrer gew\u00c3\u00a4hlt werden, da Matthias Lang aus pers\u00c3\u00b6nlichen Gr\u00c3\u00bcnden bereits im Dezember 2019 zur\u00c3\u00bcckgetreten war.<\/p>\n<p>Einstimmig wurde Felix Zirkelbach als dessen Nachfolger gew\u00c3\u00a4hlt.<\/p>\n<p>Pia Schleifenbaum bedankte sich bei Matthias Lang f\u00c3\u00bcr sein Engagement und freute sich \u00c3\u00bcber die R\u00c3\u00bcckkehr von Felix Zirkelbach in die Vorstandschaft.<\/p>\n<p>Au\u00c3\u0178erdem wurden zahlreiche Mitglieder geehrt:<\/p>\n<p>F\u00c3\u00bcr 10 Jahre wurden Eva Heusinger, Lea M\u00c3\u00bcller und Antonia St\u00c3\u00b6cker ausgezeichnet. F\u00c3\u00bcr 20 Jahre Mitgliedschaft wurden Elmar und Emma Ritter, Edgar Fehn, Kerstin Anderson, Alfred Heilmann und Gudrun Seith ausgezeichnet. Bereits f\u00c3\u00bcr stolze 30 Jahre Vereinstreue wurde Martha Schlembach ausgezeichnet.<\/p>\n<p>Zum Ende der Versammlung bedankte sich die Vorsitzende, f\u00c3\u00bcr die sehr gute Zusammenarbeit und Unterst\u00c3\u00bctzung, bei ihren Vorstandschaftsmitglieder, Musikern und bei Thomas Will f\u00c3\u00bcr seinen unerm\u00c3\u00bcdlichen Einsatz als Dirigent, der oftmals \u00c3\u00bcber das blo\u00c3\u0178e dirigieren hinausgeht. Ein Extradank galt der Metzgerei Hans-Peter Lamprecht, die wie immer f\u00c3\u00bcr das leibliche Wohl sorgten.<\/p>\n<p>Von Herzen bedankte sich die Vorsitzende bei Herrn Winfried Maul. Es sind nicht nur die gro\u00c3\u0178z\u00c3\u00bcgigen Geldspenden \u00c3\u00bcber die der Musikverein sehr dankbar ist, sondern auch die kleinen Gesten und die gro\u00c3\u0178e Treue, die der Verein immer wieder erfahren darf, so Schleifenbaum.<\/p>\n<p>Der Musikverein Niederwerrn e.V. w\u00c3\u00bcnscht allen Mitgliedern und Freunden des Musikvereins, ein erfolgreiches neues Jahr 2020 und freut sich bereits jetzt \u00c3\u00bcber ein zahlreiches Erscheinen am 05. April 2020 zum traditionellen Palmsonntagskonzert.<\/p>\n<p><em><sub>Felix Zirkelbach, Schriftf\u00c3\u00bchrer<\/sub><\/em><\/p>\n<\/div>\n","protected":false},"excerpt":{"rendered":"<p>&#8220;Erfreulicherweise ist die Anzahl der Musiker aktuell stabil&#8221; berichtete die 1. Vorsitzende Pia Schleifenbaum, an der Jahreshauptversammlung des Musikvereins Niederwerrn. Auch dank der guten Beziehungen und Treue zu den Zeuzlebener Musikanten, die wie im Vorjahr dazu beigetragen haben, dass man das Palmsonntagskonzert und die Teilnahme am Benefizkonzert mit einer gr\u00c3\u00b6\u00c3\u0178eren Mannschaft bestreiten konnte. Trotzdem mahnte [&hellip;]<\/p>\n","protected":false},"author":2,"featured_media":0,"parent":14,"menu_order":0,"comment_status":"closed","ping_status":"closed","template":"","meta":[],"_links":{"self":[{"href":"https:\/\/www.mv-niederwerrn.de\/wp\/index.php?rest_route=\/wp\/v2\/pages\/522"}],"collection":[{"href":"https:\/\/www.mv-niederwerrn.de\/wp\/index.php?rest_route=\/wp\/v2\/pages"}],"about":[{"href":"https:\/\/www.mv-niederwerrn.de\/wp\/index.php?rest_route=\/wp\/v2\/types\/page"}],"author":[{"embeddable":true,"href":"https:\/\/www.mv-niederwerrn.de\/wp\/index.php?rest_route=\/wp\/v2\/users\/2"}],"replies":[{"embeddable":true,"href":"https:\/\/www.mv-niederwerrn.de\/wp\/index.php?rest_route=%2Fwp%2Fv2%2Fcomments&post=522"}],"version-history":[{"count":1,"href":"https:\/\/www.mv-niederwerrn.de\/wp\/index.php?rest_route=\/wp\/v2\/pages\/522\/revisions"}],"predecessor-version":[{"id":523,"href":"https:\/\/www.mv-niederwerrn.de\/wp\/index.php?rest_route=\/wp\/v2\/pages\/522\/revisions\/523"}],"up":[{"embeddable":true,"href":"https:\/\/www.mv-niederwerrn.de\/wp\/index.php?rest_route=\/wp\/v2\/pages\/14"}],"wp:attachment":[{"href":"https:\/\/www.mv-niederwerrn.de\/wp\/index.php?rest_route=%2Fwp%2Fv2%2Fmedia&parent=522"}],"curies":[{"name":"wp","href":"https:\/\/api.w.org\/{rel}","templated":true}]}}