{"id":679,"date":"2023-04-23T20:33:43","date_gmt":"2023-04-23T18:33:43","guid":{"rendered":"https:\/\/www.mv-niederwerrn.de\/wp\/?page_id=679"},"modified":"2023-04-23T20:33:43","modified_gmt":"2023-04-23T18:33:43","slug":"palmsonntagskonzert-2023","status":"publish","type":"page","link":"https:\/\/www.mv-niederwerrn.de\/wp\/?page_id=679","title":{"rendered":"Palmsonntagskonzert 2023"},"content":{"rendered":"<p><a href=\"https:\/\/www.mv-niederwerrn.de\/wp-uploads\/2023\/04\/IMG_0006.png\"><img loading=\"lazy\" class=\"aligncenter size-medium wp-image-681\" src=\"https:\/\/www.mv-niederwerrn.de\/wp-uploads\/2023\/04\/IMG_0006-300x200.png\" alt=\"\" width=\"300\" height=\"200\" srcset=\"https:\/\/www.mv-niederwerrn.de\/wp-uploads\/2023\/04\/IMG_0006-300x200.png 300w, https:\/\/www.mv-niederwerrn.de\/wp-uploads\/2023\/04\/IMG_0006-768x512.png 768w, https:\/\/www.mv-niederwerrn.de\/wp-uploads\/2023\/04\/IMG_0006-1024x683.png 1024w, https:\/\/www.mv-niederwerrn.de\/wp-uploads\/2023\/04\/IMG_0006-624x416.png 624w\" sizes=\"(max-width: 300px) 100vw, 300px\" \/><\/a>Mit einem fulminanten Konzertauftritt in der katholischen St.-Bruno-Kirche in Niederwerrn, \u00c3\u00bcberzeugten die Niederwerrner Musikanten ihr zahlreich erschienenes Publikum.<\/p>\n<p>Dirigent Thomas Will verstand es, alle Facetten moderner Blasmusik an einem Konzertabend in einer \u00c3\u00bcberaus h\u00c3\u00b6renswerten Mischung aus konzertanten St\u00c3\u00bccken, Filmmusik, Marschmusik und Klassik zu pr\u00c3\u00a4sentieren und mit einem spielfreudigen und hochmotivierten Orchester musikalisch umzusetzen, verdient eine besondere Anerkennung.<\/p>\n<p>Im ersten Konzertteil unterst\u00c3\u00bctzten noch die Nachwuchsmusiker \u00e2\u20ac\u017eHugo-Musikagenten\u00e2\u20ac\u0153, ebenfalls unter Leitung von Thomas Will, das erfahrene Orchester zu Kl\u00c3\u00a4ngen wie \u00e2\u20ac\u017eFestmusik von Wagner\u00e2\u20ac\u0153 oder \u00e2\u20ac\u017eDie Glorreichen Sieben\u00e2\u20ac\u0153.<\/p>\n<p><a href=\"https:\/\/www.mv-niederwerrn.de\/wp-uploads\/2023\/04\/IMG_0040.jpg\"><img loading=\"lazy\" class=\"aligncenter size-medium wp-image-680\" src=\"https:\/\/www.mv-niederwerrn.de\/wp-uploads\/2023\/04\/IMG_0040-300x200.jpg\" alt=\"\" width=\"300\" height=\"200\" srcset=\"https:\/\/www.mv-niederwerrn.de\/wp-uploads\/2023\/04\/IMG_0040-300x200.jpg 300w, https:\/\/www.mv-niederwerrn.de\/wp-uploads\/2023\/04\/IMG_0040-768x512.jpg 768w, https:\/\/www.mv-niederwerrn.de\/wp-uploads\/2023\/04\/IMG_0040-1024x683.jpg 1024w, https:\/\/www.mv-niederwerrn.de\/wp-uploads\/2023\/04\/IMG_0040-624x416.jpg 624w\" sizes=\"(max-width: 300px) 100vw, 300px\" \/><\/a>Im zweiten Konzertteil durften die Hugo-Musikagenten dann von dem Hauptorchester lernen und stimmten ebenfalls in den tosenden Applaus der \u00c3\u00bcber 200 erschienenen Zuschauer, nach St\u00c3\u00bccken wie \u00e2\u20ac\u017eThe Lord of the Rings\u00e2\u20ac\u0153, \u00e2\u20ac\u017eThe Phantom of the Opera\u00e2\u20ac\u0153 und \u00e2\u20ac\u017eDes gro\u00c3\u0178en Kurf\u00c3\u00bcrsten Reitermarsch\u00e2\u20ac\u0153, mit ein.<\/p>\n<p>Einen besonderen Dank richtete Vorsitzende Pia Schleifenbaum an die Pfarrgemeinde Niederwerrn, insbesondere Pfarrer Stefan K\u00c3\u00b6mm, f\u00c3\u00bcr die unb\u00c3\u00bcrokratische und faire M\u00c3\u00b6glichkeit das Palmsonntagskonzert in der katholischen St.-Bruno-Kirche Niederwerrn stattfinden lassen zu k\u00c3\u00b6nnen.<\/p>\n<p>Anschlie\u00c3\u0178end waren alle G\u00c3\u00a4ste zu Speisen und Getr\u00c3\u00a4nke in das Pfarrheim eingeladen, welches ebenfalls sehr gut angenommen wurde. Wom\u00c3\u00b6glich auch deshalb, weil die letzten leckeren Bratw\u00c3\u00bcrste der Metzgerei Lamprecht vom Grill angeboten wurden.<\/p>\n<p>Der Musikverein Niederwerrn bedankt sich herzlich bei allen G\u00c3\u00a4sten, den gro\u00c3\u0178z\u00c3\u00bcgigen Spenden und allen jahrelangen Unterst\u00c3\u00bctzern.<\/p>\n<p>Wir freuen uns auf n\u00c3\u00a4chstes Jahr!<\/p>\n<p>Im Namen der Vorstandschaft<\/p>\n<p><em>Felix Zirkelbach<\/em><\/p>\n<p><em>Schriftf\u00c3\u00bchrer<\/em><\/p>\n","protected":false},"excerpt":{"rendered":"<p>Mit einem fulminanten Konzertauftritt in der katholischen St.-Bruno-Kirche in Niederwerrn, \u00c3\u00bcberzeugten die Niederwerrner Musikanten ihr zahlreich erschienenes Publikum. Dirigent Thomas Will verstand es, alle Facetten moderner Blasmusik an einem Konzertabend in einer \u00c3\u00bcberaus h\u00c3\u00b6renswerten Mischung aus konzertanten St\u00c3\u00bccken, Filmmusik, Marschmusik und Klassik zu pr\u00c3\u00a4sentieren und mit einem spielfreudigen und hochmotivierten Orchester musikalisch umzusetzen, verdient eine [&hellip;]<\/p>\n","protected":false},"author":2,"featured_media":0,"parent":14,"menu_order":0,"comment_status":"closed","ping_status":"closed","template":"","meta":[],"_links":{"self":[{"href":"https:\/\/www.mv-niederwerrn.de\/wp\/index.php?rest_route=\/wp\/v2\/pages\/679"}],"collection":[{"href":"https:\/\/www.mv-niederwerrn.de\/wp\/index.php?rest_route=\/wp\/v2\/pages"}],"about":[{"href":"https:\/\/www.mv-niederwerrn.de\/wp\/index.php?rest_route=\/wp\/v2\/types\/page"}],"author":[{"embeddable":true,"href":"https:\/\/www.mv-niederwerrn.de\/wp\/index.php?rest_route=\/wp\/v2\/users\/2"}],"replies":[{"embeddable":true,"href":"https:\/\/www.mv-niederwerrn.de\/wp\/index.php?rest_route=%2Fwp%2Fv2%2Fcomments&post=679"}],"version-history":[{"count":2,"href":"https:\/\/www.mv-niederwerrn.de\/wp\/index.php?rest_route=\/wp\/v2\/pages\/679\/revisions"}],"predecessor-version":[{"id":683,"href":"https:\/\/www.mv-niederwerrn.de\/wp\/index.php?rest_route=\/wp\/v2\/pages\/679\/revisions\/683"}],"up":[{"embeddable":true,"href":"https:\/\/www.mv-niederwerrn.de\/wp\/index.php?rest_route=\/wp\/v2\/pages\/14"}],"wp:attachment":[{"href":"https:\/\/www.mv-niederwerrn.de\/wp\/index.php?rest_route=%2Fwp%2Fv2%2Fmedia&parent=679"}],"curies":[{"name":"wp","href":"https:\/\/api.w.org\/{rel}","templated":true}]}}