{"id":697,"date":"2023-06-06T23:20:10","date_gmt":"2023-06-06T21:20:10","guid":{"rendered":"https:\/\/www.mv-niederwerrn.de\/wp\/?page_id=697"},"modified":"2023-06-06T23:20:10","modified_gmt":"2023-06-06T21:20:10","slug":"jahreshauptversammlung-2023","status":"publish","type":"page","link":"https:\/\/www.mv-niederwerrn.de\/wp\/?page_id=697","title":{"rendered":"Jahreshauptversammlung 2023"},"content":{"rendered":"<p>\u00e2\u20ac\u017eIm vergangenen Jahr 2022 gab es gro\u00c3\u0178e Ver\u00c3\u00a4nderungen f\u00c3\u00bcr den Musikverein Niederwerrn.\u00e2\u20ac\u0153 So begann die scheidende 1. Vorsitzende Pia Schleifenbaum ihren Bericht in der Jahreshauptversammlung, welche zum ersten Mal im Sportheim Niederwerrn stattgefunden hatte.<\/p>\n<p>Schleifenbaum berichtete, dass durch die Gemeinde Niederwerrn bereits im Mai 2022 eine Mitteilung erfolgte, dass der Musikverein Niederwerrn aus dem langj\u00c3\u00a4hrigen Proberaum ausziehen m\u00c3\u00bcsse. Als Begr\u00c3\u00bcndung wurde die Brandschutzverordnung genannt, welche besagt, dass sich im Dachgeschoss maximal 10 Personen aufhalten d\u00c3\u00bcrfen.<\/p>\n<p>Nach einigem hin und her wurde gemeinsam mit der Gemeinde nach einer Alternative gesucht. F\u00c3\u00bcndig, jedoch nicht optimal, wurde man im Musikzimmer der Hugo-von-Trimberg Schule, in dem nun unsere Orchesterproben immer montags ab 19:30 Uhr stattfinden werden.<\/p>\n<p>Pia Schleifenbaum berichtete au\u00c3\u0178erdem, dass die Mitgliederzahl auf 127 Mitglieder gesunken ist.<\/p>\n<p>Zum Ende ihres Berichts, k\u00c3\u00bcndigte Schleifenbaum an, dass sie bei den sp\u00c3\u00a4teren Neuwahlen nicht mehr als 1. Vorsitzende kandidieren werde. Diese Entscheidung hatte sie bereits bei der letzten Jahreshauptversammlung 2022 verk\u00c3\u00bcndet und zeigte sich sehr froh dar\u00c3\u00bcber, dass sich mit Norbert Hart, ein erfahrenes und langj\u00c3\u00a4hriges Vereinsmitglied bereiterkl\u00c3\u00a4rt hatte das Amt zu \u00c3\u00bcbernehmen. Nach 7 Jahren als 1. Vorsitzende, stellt sie sich nun in die zweite Reihe und unterst\u00c3\u00bctzt Norbert Hart nun zuk\u00c3\u00bcnftig als 2. Vorsitzende.<\/p>\n<p>Dirigent Thomas Will bedankte sich in seinem Bericht f\u00c3\u00bcr die Einsatz- und Probebereitschaft seiner Musiker. Ein besonderer Dank galt wie immer unserer 1. Vorsitzenden Pia Schleifenbaum f\u00c3\u00bcr ihr Engagement. Au\u00c3\u0178erdem bedankte er sich bei der gesamten Vorstandschaft f\u00c3\u00bcr die Unterst\u00c3\u00bctzung und die geleistete Arbeit.<\/p>\n<p>Als besonderes Highlight im vergangenen Jahr erw\u00c3\u00a4hnte Thomas Will das Palmsonntagskonzert in der kath. St.-Bruno-Kirche Niederwerrn. Durch die vielen positiven R\u00c3\u00bcckmeldungen, m\u00c3\u00b6chte Will die Konzerte auch dort beibehalten.<\/p>\n<p>Er empfindet das Verh\u00c3\u00a4ltnis zwischen Pfarrgemeinde und Musikverein als \u00c3\u00a4u\u00c3\u0178erst angenehm und als ein gelungenes Geben und Nehmen.<\/p>\n<p>Thomas Will bedankte sich im Namen des Musikvereins nochmals f\u00c3\u00bcr die tolle und unkomplizierte Zusammenarbeit.<\/p>\n<p>Wie schon erw\u00c3\u00a4hnt, wurde unter Tagesordnungspunkt \u00e2\u20ac\u017eNeuwahlen\u00e2\u20ac\u0153 der Oberwerrner, Norbert Hart, einstimmig als neuer Vereinsvorsitzender des Musikvereins Niederwerrn gew\u00c3\u00a4hlt.<\/p>\n<p>Norbert Hart d\u00c3\u00bcrfte als ehemaliger Gemeinderat und 3. B\u00c3\u00bcrgermeister der Gemeinde Niederwerrn, den B\u00c3\u00bcrger:innen bestens bekannt sein. Durch seine langj\u00c3\u00a4hrige Erfahrung in verschiedensten Vereinsf\u00c3\u00bchrungen und durch seine Berufserfahrungen, h\u00c3\u00a4tte es aus Sicht der Vorstandschaft kaum einen geeigneteren Nachfolger geben k\u00c3\u00b6nnen.<\/p>\n<p>Hart bedankte sich, nach seiner Wahl, f\u00c3\u00bcr das entgegengebrachte Vertrauen bei den Vereinsmitgliedern. Neben dem 1. Vorsitzenden wurde auch die restliche Vorstandschaft neu gew\u00c3\u00a4hlt.<\/p>\n<p>Diese setzt sich nun wie folgt zusammen:<\/p>\n<p>1. Vorsitzender Norbert Hart<\/p>\n<p>2. Vorsitzende Pia Schleifenbaum<\/p>\n<p>Schatzmeister Andreas Wedler<\/p>\n<p>Schriftf\u00c3\u00bchrerin Nicole Weissmann<\/p>\n<p>Beisitzerin Christine Hahn<\/p>\n<p>Beisitzer Felix Zirkelbach<\/p>\n<p>Pia Schleifenbaum und Norbert Hart bedankten sich bei der alten bzw. neugew\u00c3\u00a4hlten Vorstandschaft f\u00c3\u00bcr ihr Engagement.<\/p>\n<p>Im Anschluss an die Jahreshauptversammlung lie\u00c3\u0178 sich, bei griechischen Spezialit\u00c3\u00a4ten, der Abend gemeinsam ausklingen.<\/p>\n<p><em>Im Namen der Vorstandschaft<\/em><\/p>\n<p><em>Felix Zirkelbach<\/em><\/p>\n<p>&nbsp;<\/p>\n","protected":false},"excerpt":{"rendered":"<p>\u00e2\u20ac\u017eIm vergangenen Jahr 2022 gab es gro\u00c3\u0178e Ver\u00c3\u00a4nderungen f\u00c3\u00bcr den Musikverein Niederwerrn.\u00e2\u20ac\u0153 So begann die scheidende 1. Vorsitzende Pia Schleifenbaum ihren Bericht in der Jahreshauptversammlung, welche zum ersten Mal im Sportheim Niederwerrn stattgefunden hatte. Schleifenbaum berichtete, dass durch die Gemeinde Niederwerrn bereits im Mai 2022 eine Mitteilung erfolgte, dass der Musikverein Niederwerrn aus dem langj\u00c3\u00a4hrigen [&hellip;]<\/p>\n","protected":false},"author":2,"featured_media":0,"parent":14,"menu_order":0,"comment_status":"closed","ping_status":"closed","template":"","meta":[],"_links":{"self":[{"href":"https:\/\/www.mv-niederwerrn.de\/wp\/index.php?rest_route=\/wp\/v2\/pages\/697"}],"collection":[{"href":"https:\/\/www.mv-niederwerrn.de\/wp\/index.php?rest_route=\/wp\/v2\/pages"}],"about":[{"href":"https:\/\/www.mv-niederwerrn.de\/wp\/index.php?rest_route=\/wp\/v2\/types\/page"}],"author":[{"embeddable":true,"href":"https:\/\/www.mv-niederwerrn.de\/wp\/index.php?rest_route=\/wp\/v2\/users\/2"}],"replies":[{"embeddable":true,"href":"https:\/\/www.mv-niederwerrn.de\/wp\/index.php?rest_route=%2Fwp%2Fv2%2Fcomments&post=697"}],"version-history":[{"count":1,"href":"https:\/\/www.mv-niederwerrn.de\/wp\/index.php?rest_route=\/wp\/v2\/pages\/697\/revisions"}],"predecessor-version":[{"id":698,"href":"https:\/\/www.mv-niederwerrn.de\/wp\/index.php?rest_route=\/wp\/v2\/pages\/697\/revisions\/698"}],"up":[{"embeddable":true,"href":"https:\/\/www.mv-niederwerrn.de\/wp\/index.php?rest_route=\/wp\/v2\/pages\/14"}],"wp:attachment":[{"href":"https:\/\/www.mv-niederwerrn.de\/wp\/index.php?rest_route=%2Fwp%2Fv2%2Fmedia&parent=697"}],"curies":[{"name":"wp","href":"https:\/\/api.w.org\/{rel}","templated":true}]}}