{"id":707,"date":"2023-10-08T20:30:15","date_gmt":"2023-10-08T18:30:15","guid":{"rendered":"https:\/\/www.mv-niederwerrn.de\/wp\/?page_id=707"},"modified":"2023-10-08T20:37:58","modified_gmt":"2023-10-08T18:37:58","slug":"grillfeier-2023","status":"publish","type":"page","link":"https:\/\/www.mv-niederwerrn.de\/wp\/?page_id=707","title":{"rendered":"Grillfeier 2023"},"content":{"rendered":"\n<p>Ein gelungener Abend<br>Am Samstag, 23.09.23 hatte die Vorstandschaft des Musikvereins Niederwerrn seine Musiker und deren Familie zu einem Grillabend am Gemeinde-Grillplatz geladen.<br>Der neue Vorstandsvorsitzende Norbert Hart hat f\u00fcr alle leckere Bratw\u00fcrste und Steaks vom Edeka Maul spendiert. Daf\u00fcr ein herzliches Dankesch\u00f6n.<br>Es gab dazu eine gro\u00dfe Auswahl an Salate und hinterher hatten vor allem die Kinder Spa\u00df beim Marshmallow grillen. Im Laufe des Abends entstanden tolle Gespr\u00e4che, Spiele und ein gem\u00fctliches Beisammensein bei Wolken, etwas Regen und viel Sonnenschein.<\/p>\n\n\n\n<figure class=\"wp-block-image size-full\"><img loading=\"lazy\" width=\"1024\" height=\"768\" src=\"https:\/\/www.mv-niederwerrn.de\/wp-uploads\/2023\/10\/1000045256_v1.jpg\" alt=\"\" class=\"wp-image-709\" srcset=\"https:\/\/www.mv-niederwerrn.de\/wp-uploads\/2023\/10\/1000045256_v1.jpg 1024w, https:\/\/www.mv-niederwerrn.de\/wp-uploads\/2023\/10\/1000045256_v1-300x225.jpg 300w, https:\/\/www.mv-niederwerrn.de\/wp-uploads\/2023\/10\/1000045256_v1-768x576.jpg 768w, https:\/\/www.mv-niederwerrn.de\/wp-uploads\/2023\/10\/1000045256_v1-624x468.jpg 624w\" sizes=\"(max-width: 1024px) 100vw, 1024px\" \/><\/figure>\n\n\n\n<figure class=\"wp-block-image size-full\"><img loading=\"lazy\" width=\"689\" height=\"768\" src=\"https:\/\/www.mv-niederwerrn.de\/wp-uploads\/2023\/10\/1000045257_v1.jpg\" alt=\"\" class=\"wp-image-711\" srcset=\"https:\/\/www.mv-niederwerrn.de\/wp-uploads\/2023\/10\/1000045257_v1.jpg 689w, https:\/\/www.mv-niederwerrn.de\/wp-uploads\/2023\/10\/1000045257_v1-269x300.jpg 269w, https:\/\/www.mv-niederwerrn.de\/wp-uploads\/2023\/10\/1000045257_v1-624x696.jpg 624w\" sizes=\"(max-width: 689px) 100vw, 689px\" \/><\/figure>\n","protected":false},"excerpt":{"rendered":"<p>Ein gelungener AbendAm Samstag, 23.09.23 hatte die Vorstandschaft des Musikvereins Niederwerrn seine Musiker und deren Familie zu einem Grillabend am Gemeinde-Grillplatz geladen.Der neue Vorstandsvorsitzende Norbert Hart hat f\u00fcr alle leckere Bratw\u00fcrste und Steaks vom Edeka Maul spendiert. Daf\u00fcr ein herzliches Dankesch\u00f6n.Es gab dazu eine gro\u00dfe Auswahl an Salate und hinterher hatten vor allem die Kinder [&hellip;]<\/p>\n","protected":false},"author":2,"featured_media":0,"parent":0,"menu_order":0,"comment_status":"closed","ping_status":"closed","template":"","meta":[],"_links":{"self":[{"href":"https:\/\/www.mv-niederwerrn.de\/wp\/index.php?rest_route=\/wp\/v2\/pages\/707"}],"collection":[{"href":"https:\/\/www.mv-niederwerrn.de\/wp\/index.php?rest_route=\/wp\/v2\/pages"}],"about":[{"href":"https:\/\/www.mv-niederwerrn.de\/wp\/index.php?rest_route=\/wp\/v2\/types\/page"}],"author":[{"embeddable":true,"href":"https:\/\/www.mv-niederwerrn.de\/wp\/index.php?rest_route=\/wp\/v2\/users\/2"}],"replies":[{"embeddable":true,"href":"https:\/\/www.mv-niederwerrn.de\/wp\/index.php?rest_route=%2Fwp%2Fv2%2Fcomments&post=707"}],"version-history":[{"count":2,"href":"https:\/\/www.mv-niederwerrn.de\/wp\/index.php?rest_route=\/wp\/v2\/pages\/707\/revisions"}],"predecessor-version":[{"id":712,"href":"https:\/\/www.mv-niederwerrn.de\/wp\/index.php?rest_route=\/wp\/v2\/pages\/707\/revisions\/712"}],"wp:attachment":[{"href":"https:\/\/www.mv-niederwerrn.de\/wp\/index.php?rest_route=%2Fwp%2Fv2%2Fmedia&parent=707"}],"curies":[{"name":"wp","href":"https:\/\/api.w.org\/{rel}","templated":true}]}}