{"id":825,"date":"2025-04-27T22:29:53","date_gmt":"2025-04-27T20:29:53","guid":{"rendered":"https:\/\/www.mv-niederwerrn.de\/wp\/?page_id=825"},"modified":"2025-04-27T22:29:53","modified_gmt":"2025-04-27T20:29:53","slug":"palmsonntagskonzert-2025","status":"publish","type":"page","link":"https:\/\/www.mv-niederwerrn.de\/wp\/?page_id=825","title":{"rendered":"Palmsonntagskonzert 2025"},"content":{"rendered":"\n<p>Mit einem sagenhaften Konzertauftritt in der katholischen St.-Bruno-Kirche in Niederwerrn, \u00fcberzeugten die Niederwerrner Musikanten ihr zahlreich erschienenes Publikum.<\/p>\n\n\n\n<p>Dirigent Thomas Will verstand es, alle Facetten moderner Blasmusik an einem Konzertabend in einer \u00fcberaus h\u00f6renswerten Mischung aus Filmmusik, Marschmusik und Klassik zu pr\u00e4sentieren. Schon im Vorfeld haben alle Musiker gemeinsam geprobt, um dieses Konzert zu einem tollen Erlebnis f\u00fcr alle zu machen.<\/p>\n\n\n\n<p>Im ersten Konzertteil, welches vom 1.Vorstand Norbert Hart anmoderiert wurde, unterst\u00fctzten die Nachwuchsmusiker \u201eHugo-Musikagenten\u201c, unter Leitung von Herrn Rippstein , das erfahrene Orchester. Mit 4 Musikst\u00fccken und einer Zugabe, gab es hier einen Vorgeschmack auf das weitere Konzert.<\/p>\n\n\n\n<p>In der Nachwuchsgruppe d\u00fcrfen wir 5 neue Musiker herzlich willkommen hei\u00dfen:<\/p>\n\n\n\n<p><em>Grazia Erbrich<\/em><\/p>\n\n\n\n<p><em>Benjamin Schmitt<\/em><\/p>\n\n\n\n<p><em>Erik Hofmann<\/em><\/p>\n\n\n\n<p><em>Lino Bla\u00df<\/em><\/p>\n\n\n\n<p><em>Jonas Wedler<\/em><\/p>\n\n\n\n<p>Im zweiten Konzertteil hatten die Hugo-Musikagenten ganz entspannt das Konzert aus Zuschauerperspektive genossen. Vorstandmitglied Felix Zirkelbach hatte die Ehre, die erfahrenen Musiker unter Leitung von Thomas Will und Ihre St\u00fccke anzusagen.<\/p>\n\n\n\n<p>Einen besonderen Dank der Vorstandschaft geht an Pfarrer K\u00f6mm, der uns jedes Jahr seine Kirche f\u00fcr dieses Event zur Verf\u00fcgung stellt.<\/p>\n\n\n\n<p>Anschlie\u00dfend waren alle G\u00e4ste zu Speisen und Getr\u00e4nke in das Pfarrheim eingeladen, welches ebenfalls sehr gut angenommen wurde. Nicht nur im Inneren des Pfarrheims, sondern auch im Au\u00dfenbereich trafen man sich bei Sonnenschein, um sich gemeinsam auszutauchen, etwas zu trinken und eine Bratwurst oder K\u00e4sestange zu essen.<\/p>\n\n\n\n<p>Der Musikverein Niederwerrn bedankt sich herzlich bei allen G\u00e4sten, den gro\u00dfz\u00fcgigen Spenden und allen jahrelangen Unterst\u00fctzern.<\/p>\n\n\n\n<p>Wir freuen uns auf n\u00e4chstes Jahr!<\/p>\n\n\n\n<p>Im Namen der Vorstandschaft<\/p>\n\n\n\n<p><em>Nicole Weismann<\/em><\/p>\n\n\n\n<p><em>Schriftf\u00fchrerin<\/em><\/p>\n","protected":false},"excerpt":{"rendered":"<p>Mit einem sagenhaften Konzertauftritt in der katholischen St.-Bruno-Kirche in Niederwerrn, \u00fcberzeugten die Niederwerrner Musikanten ihr zahlreich erschienenes Publikum. Dirigent Thomas Will verstand es, alle Facetten moderner Blasmusik an einem Konzertabend in einer \u00fcberaus h\u00f6renswerten Mischung aus Filmmusik, Marschmusik und Klassik zu pr\u00e4sentieren. Schon im Vorfeld haben alle Musiker gemeinsam geprobt, um dieses Konzert zu einem [&hellip;]<\/p>\n","protected":false},"author":2,"featured_media":0,"parent":0,"menu_order":0,"comment_status":"closed","ping_status":"closed","template":"","meta":[],"_links":{"self":[{"href":"https:\/\/www.mv-niederwerrn.de\/wp\/index.php?rest_route=\/wp\/v2\/pages\/825"}],"collection":[{"href":"https:\/\/www.mv-niederwerrn.de\/wp\/index.php?rest_route=\/wp\/v2\/pages"}],"about":[{"href":"https:\/\/www.mv-niederwerrn.de\/wp\/index.php?rest_route=\/wp\/v2\/types\/page"}],"author":[{"embeddable":true,"href":"https:\/\/www.mv-niederwerrn.de\/wp\/index.php?rest_route=\/wp\/v2\/users\/2"}],"replies":[{"embeddable":true,"href":"https:\/\/www.mv-niederwerrn.de\/wp\/index.php?rest_route=%2Fwp%2Fv2%2Fcomments&post=825"}],"version-history":[{"count":1,"href":"https:\/\/www.mv-niederwerrn.de\/wp\/index.php?rest_route=\/wp\/v2\/pages\/825\/revisions"}],"predecessor-version":[{"id":826,"href":"https:\/\/www.mv-niederwerrn.de\/wp\/index.php?rest_route=\/wp\/v2\/pages\/825\/revisions\/826"}],"wp:attachment":[{"href":"https:\/\/www.mv-niederwerrn.de\/wp\/index.php?rest_route=%2Fwp%2Fv2%2Fmedia&parent=825"}],"curies":[{"name":"wp","href":"https:\/\/api.w.org\/{rel}","templated":true}]}}