{"id":839,"date":"2025-05-09T16:27:23","date_gmt":"2025-05-09T14:27:23","guid":{"rendered":"https:\/\/www.mv-niederwerrn.de\/wp\/?page_id=839"},"modified":"2025-05-09T16:50:31","modified_gmt":"2025-05-09T14:50:31","slug":"vereinsmeile-2025","status":"publish","type":"page","link":"https:\/\/www.mv-niederwerrn.de\/wp\/?page_id=839","title":{"rendered":"Vereinsmeile 2025"},"content":{"rendered":"\n<figure class=\"wp-container-2 wp-block-gallery-1 wp-block-gallery has-nested-images columns-default is-cropped\">\n<figure class=\"wp-block-image size-full\"><img loading=\"lazy\" width=\"1920\" height=\"2560\" data-id=\"844\"  src=\"https:\/\/www.mv-niederwerrn.de\/wp-uploads\/2025\/05\/IMG_6843-scaled.jpg\" alt=\"\" class=\"wp-image-844\"\/><\/figure>\n\n\n\n<figure class=\"wp-block-image size-full\"><img loading=\"lazy\" width=\"1920\" height=\"2560\" data-id=\"842\"  src=\"https:\/\/www.mv-niederwerrn.de\/wp-uploads\/2025\/05\/IMG_6838-scaled.jpg\" alt=\"\" class=\"wp-image-842\"\/><\/figure>\n\n\n\n<figure class=\"wp-block-image size-full\"><img loading=\"lazy\" width=\"1920\" height=\"2560\" data-id=\"845\"  src=\"https:\/\/www.mv-niederwerrn.de\/wp-uploads\/2025\/05\/IMG_6840-scaled.jpg\" alt=\"\" class=\"wp-image-845\"\/><\/figure>\n<\/figure>\n\n\n\n<p>Der Musikverein Niederwerrn blickt auf einen erfolgreichen Tag bei der ersten Vereinsmeile zur\u00fcck. Unser Stand war ein Anlaufpunkt f\u00fcr alle Altersgruppen, wobei besonders Kinder begeistert waren. Denn es gab die M\u00f6glichkeit verschiedene Blasinstrumente, Schlagzeug und sogar Pauken auszuprobieren. Es war sch\u00f6n zu sehen, wie viel Freude die kleinen und gro\u00dfen Besucher beim Musizieren hatten.<\/p>\n\n\n<div class=\"wp-block-image\">\n<figure class=\"aligncenter size-large is-resized\"><img loading=\"lazy\" src=\"https:\/\/www.mv-niederwerrn.de\/wp-uploads\/2025\/05\/IMG_6850-1024x768.jpg\" alt=\"\" class=\"wp-image-840\" width=\"479\" height=\"359\" srcset=\"https:\/\/www.mv-niederwerrn.de\/wp-uploads\/2025\/05\/IMG_6850-1024x768.jpg 1024w, https:\/\/www.mv-niederwerrn.de\/wp-uploads\/2025\/05\/IMG_6850-300x225.jpg 300w\" sizes=\"(max-width: 479px) 100vw, 479px\" \/><\/figure><\/div>\n\n\n<p>Neben den Mitmachangeboten pr\u00e4sentierten unsere Hugo-Musikagenten einige musikalische St\u00fccke, die bei den G\u00e4sten gro\u00dfen Anklang fanden. Ein herzliches Dankesch\u00f6n geht an den Vereinsring Niederwerrn f\u00fcr die Organisation und die tolle Atmosph\u00e4re der Veranstaltung. Ebenso gilt unser Dank allen Helfern, die mit angepackt haben.<\/p>\n\n\n<div class=\"wp-block-image\">\n<figure class=\"aligncenter size-large is-resized\"><img src=\"https:\/\/www.mv-niederwerrn.de\/wp-uploads\/2025\/05\/IMG_6846-edited.jpg\" alt=\"\" class=\"wp-image-864\" width=\"568\" srcset=\"https:\/\/www.mv-niederwerrn.de\/wp-uploads\/2025\/05\/IMG_6846-edited.jpg 1331w, https:\/\/www.mv-niederwerrn.de\/wp-uploads\/2025\/05\/IMG_6846-edited-300x169.jpg 300w, https:\/\/www.mv-niederwerrn.de\/wp-uploads\/2025\/05\/IMG_6846-edited-1024x576.jpg 1024w, https:\/\/www.mv-niederwerrn.de\/wp-uploads\/2025\/05\/IMG_6846-edited-768x432.jpg 768w, https:\/\/www.mv-niederwerrn.de\/wp-uploads\/2025\/05\/IMG_6846-edited-624x351.jpg 624w\" sizes=\"(max-width: 1331px) 100vw, 1331px\" \/><\/figure><\/div>\n\n\n<p>Wir hoffen auf eine Wiederholung im n\u00e4chsten Jahr und laden alle Interessierten, die selbst Musik machen m\u00f6chten, herzlich ein, sich bei uns zu melden. Wir freuen uns immer \u00fcber neue Musikerinnen und Musiker, die unser Orchester verst\u00e4rken m\u00f6chten aber auch \u00fcber Interessierte, die mit dem Instrumentalunterricht starten m\u00f6chten.<\/p>\n\n\n\n<p>Kontakt:<\/p>\n\n\n\n<p>per Mail: <a href=\"mailto:vorstand@mv-niederwerrn.de\">vorstand@mv-niederwerrn.de<\/a><\/p>\n\n\n\n<p>oder komm direkt in einer Probe vorbei:<\/p>\n\n\n\n<p>Samstags 10-11 Uhr bzw. Montags 19:30 \u2013 21:30 Uhr<\/p>\n\n\n\n<p>in der Hugo-von-Trimberg Schule, Niederwerrn<\/p>\n\n\n\n<figure class=\"wp-container-4 wp-block-gallery-3 wp-block-gallery has-nested-images columns-default is-cropped\">\n<figure class=\"wp-block-image size-large\"><img loading=\"lazy\" width=\"749\" height=\"998\" data-id=\"851\"  src=\"https:\/\/www.mv-niederwerrn.de\/wp-uploads\/2025\/05\/IMG_6852.jpg\" alt=\"\" class=\"wp-image-851\" srcset=\"https:\/\/www.mv-niederwerrn.de\/wp-uploads\/2025\/05\/IMG_6852.jpg 749w, https:\/\/www.mv-niederwerrn.de\/wp-uploads\/2025\/05\/IMG_6852-225x300.jpg 225w, https:\/\/www.mv-niederwerrn.de\/wp-uploads\/2025\/05\/IMG_6852-624x831.jpg 624w\" sizes=\"(max-width: 749px) 100vw, 749px\" \/><\/figure>\n\n\n\n<figure class=\"wp-block-image size-large\"><img loading=\"lazy\" width=\"749\" height=\"998\" data-id=\"848\"  src=\"https:\/\/www.mv-niederwerrn.de\/wp-uploads\/2025\/05\/IMG_6836.jpg\" alt=\"\" class=\"wp-image-848\" srcset=\"https:\/\/www.mv-niederwerrn.de\/wp-uploads\/2025\/05\/IMG_6836.jpg 749w, https:\/\/www.mv-niederwerrn.de\/wp-uploads\/2025\/05\/IMG_6836-225x300.jpg 225w, https:\/\/www.mv-niederwerrn.de\/wp-uploads\/2025\/05\/IMG_6836-624x831.jpg 624w\" sizes=\"(max-width: 749px) 100vw, 749px\" \/><\/figure>\n\n\n\n<figure class=\"wp-block-image size-large\"><img loading=\"lazy\" width=\"749\" height=\"998\" data-id=\"852\"  src=\"https:\/\/www.mv-niederwerrn.de\/wp-uploads\/2025\/05\/IMG_6839.jpg\" alt=\"\" class=\"wp-image-852\" srcset=\"https:\/\/www.mv-niederwerrn.de\/wp-uploads\/2025\/05\/IMG_6839.jpg 749w, https:\/\/www.mv-niederwerrn.de\/wp-uploads\/2025\/05\/IMG_6839-225x300.jpg 225w, https:\/\/www.mv-niederwerrn.de\/wp-uploads\/2025\/05\/IMG_6839-624x831.jpg 624w\" sizes=\"(max-width: 749px) 100vw, 749px\" \/><\/figure>\n<\/figure>\n","protected":false},"excerpt":{"rendered":"<p>Der Musikverein Niederwerrn blickt auf einen erfolgreichen Tag bei der ersten Vereinsmeile zur\u00fcck. Unser Stand war ein Anlaufpunkt f\u00fcr alle Altersgruppen, wobei besonders Kinder begeistert waren. Denn es gab die M\u00f6glichkeit verschiedene Blasinstrumente, Schlagzeug und sogar Pauken auszuprobieren. Es war sch\u00f6n zu sehen, wie viel Freude die kleinen und gro\u00dfen Besucher beim Musizieren hatten. Neben [&hellip;]<\/p>\n","protected":false},"author":2,"featured_media":0,"parent":14,"menu_order":0,"comment_status":"closed","ping_status":"closed","template":"","meta":[],"_links":{"self":[{"href":"https:\/\/www.mv-niederwerrn.de\/wp\/index.php?rest_route=\/wp\/v2\/pages\/839"}],"collection":[{"href":"https:\/\/www.mv-niederwerrn.de\/wp\/index.php?rest_route=\/wp\/v2\/pages"}],"about":[{"href":"https:\/\/www.mv-niederwerrn.de\/wp\/index.php?rest_route=\/wp\/v2\/types\/page"}],"author":[{"embeddable":true,"href":"https:\/\/www.mv-niederwerrn.de\/wp\/index.php?rest_route=\/wp\/v2\/users\/2"}],"replies":[{"embeddable":true,"href":"https:\/\/www.mv-niederwerrn.de\/wp\/index.php?rest_route=%2Fwp%2Fv2%2Fcomments&post=839"}],"version-history":[{"count":6,"href":"https:\/\/www.mv-niederwerrn.de\/wp\/index.php?rest_route=\/wp\/v2\/pages\/839\/revisions"}],"predecessor-version":[{"id":865,"href":"https:\/\/www.mv-niederwerrn.de\/wp\/index.php?rest_route=\/wp\/v2\/pages\/839\/revisions\/865"}],"up":[{"embeddable":true,"href":"https:\/\/www.mv-niederwerrn.de\/wp\/index.php?rest_route=\/wp\/v2\/pages\/14"}],"wp:attachment":[{"href":"https:\/\/www.mv-niederwerrn.de\/wp\/index.php?rest_route=%2Fwp%2Fv2%2Fmedia&parent=839"}],"curies":[{"name":"wp","href":"https:\/\/api.w.org\/{rel}","templated":true}]}}