{"id":893,"date":"2026-05-01T22:43:16","date_gmt":"2026-05-01T20:43:16","guid":{"rendered":"https:\/\/www.mv-niederwerrn.de\/wp\/?page_id=893"},"modified":"2026-05-01T22:43:16","modified_gmt":"2026-05-01T20:43:16","slug":"palmsonntagskonzert-2026","status":"publish","type":"page","link":"https:\/\/www.mv-niederwerrn.de\/wp\/?page_id=893","title":{"rendered":"Palmsonntagskonzert 2026"},"content":{"rendered":"\n<p>Das Palmsonntagskonzert zog wieder zahlreiche Musikbegeisterte in die Kirche. Sowohl das Hauptorchester als auch die Nachwuchsmusiker pr\u00e4sentierten sich in hervorragender Form und begeisterten das Publikum mit einer abwechslungsreichen Auswahl an St\u00fccken. Die kath. Kirche Niederwerrn war voll belegt und die Zuschauer waren begeistert.<\/p>\n\n\n\n<p>Eine besondere Darbietung war das Lied f\u00fcr B\u00fcrgermeisterin B\u00e4rmann, das mit viel Herzblut vorgetragen wurde. Die \u00dcberraschung fiel somit nicht nur \u00f6ffentlich, sondern auch musikalisch herzlich aus.<\/p>\n\n\n\n<p>Im Anschluss an das Konzert fand im Pfarrheim ein gemeinsames Beisammensein statt. Bei Essen und Trinken konnten Musikerinnen, Musiker und Besucher in lockerer Runde zusammenkommen, Gespr\u00e4che f\u00fchren und die gelebte Gemeinschaft des Musikvereins st\u00e4rken.<\/p>\n\n\n\n<p>Das Fest war rundum gelungen und verdankte sich dem Engagement aller Beteiligten \u2013 von den Musikerinnen und Musikern \u00fcber den Vorstand bis hin zu den Helferinnen und Helfern im Hintergrund. Ein gro\u00dfes Dankesch\u00f6n geht an alle, die den Musikverein unterst\u00fctzt haben und dieses sch\u00f6ne Palmsonntagskonzert erm\u00f6glichten.<\/p>\n\n\n\n<p>Wir freuen uns auf das n\u00e4chste Konzert und weitere gemeinsame Momente der Musik, Freude und Gemeinschaft. Vielen Dank an alle, die dabei waren!<\/p>\n\n\n\n<p><strong>Nicole Weismann (Schriftf\u00fchrerin)<\/strong><\/p>\n","protected":false},"excerpt":{"rendered":"<p>Das Palmsonntagskonzert zog wieder zahlreiche Musikbegeisterte in die Kirche. Sowohl das Hauptorchester als auch die Nachwuchsmusiker pr\u00e4sentierten sich in hervorragender Form und begeisterten das Publikum mit einer abwechslungsreichen Auswahl an St\u00fccken. Die kath. Kirche Niederwerrn war voll belegt und die Zuschauer waren begeistert. Eine besondere Darbietung war das Lied f\u00fcr B\u00fcrgermeisterin B\u00e4rmann, das mit viel [&hellip;]<\/p>\n","protected":false},"author":2,"featured_media":0,"parent":14,"menu_order":0,"comment_status":"closed","ping_status":"closed","template":"","meta":[],"_links":{"self":[{"href":"https:\/\/www.mv-niederwerrn.de\/wp\/index.php?rest_route=\/wp\/v2\/pages\/893"}],"collection":[{"href":"https:\/\/www.mv-niederwerrn.de\/wp\/index.php?rest_route=\/wp\/v2\/pages"}],"about":[{"href":"https:\/\/www.mv-niederwerrn.de\/wp\/index.php?rest_route=\/wp\/v2\/types\/page"}],"author":[{"embeddable":true,"href":"https:\/\/www.mv-niederwerrn.de\/wp\/index.php?rest_route=\/wp\/v2\/users\/2"}],"replies":[{"embeddable":true,"href":"https:\/\/www.mv-niederwerrn.de\/wp\/index.php?rest_route=%2Fwp%2Fv2%2Fcomments&post=893"}],"version-history":[{"count":1,"href":"https:\/\/www.mv-niederwerrn.de\/wp\/index.php?rest_route=\/wp\/v2\/pages\/893\/revisions"}],"predecessor-version":[{"id":894,"href":"https:\/\/www.mv-niederwerrn.de\/wp\/index.php?rest_route=\/wp\/v2\/pages\/893\/revisions\/894"}],"up":[{"embeddable":true,"href":"https:\/\/www.mv-niederwerrn.de\/wp\/index.php?rest_route=\/wp\/v2\/pages\/14"}],"wp:attachment":[{"href":"https:\/\/www.mv-niederwerrn.de\/wp\/index.php?rest_route=%2Fwp%2Fv2%2Fmedia&parent=893"}],"curies":[{"name":"wp","href":"https:\/\/api.w.org\/{rel}","templated":true}]}}